{"id":12999,"date":"2022-10-06T18:09:50","date_gmt":"2022-10-06T22:09:50","guid":{"rendered":"https:\/\/onbcanada.ca\/accueil\/"},"modified":"2025-02-10T09:38:36","modified_gmt":"2025-02-10T14:38:36","slug":"home","status":"publish","type":"page","link":"https:\/\/onbcanada.ca\/fr\/","title":{"rendered":"Accueil"},"content":{"rendered":"\n<section class=\"py-flex py-gap py-section  \" style=\"--py-gap-value:var(--py-section-gap)\">\n<div class=\"py-container py-flex py-gap\" style=\"--py-gap-value:var(--py-container-gap) * 2;position:relative\">\n<div style=\"position:absolute;top:-4rem;right:0\" class=\"wp-block-piney-piney-position\"><div class=\"py-language-selector wp-block-piney-language-selector\">\n    \n<div role=\"navigation\" aria-label=\"S\u00e9lecteur de langue\" class=\"wpml-ls-statics-shortcode_actions wpml-ls wpml-ls-legacy-list-horizontal\">\n\t<ul><li class=\"wpml-ls-slot-shortcode_actions wpml-ls-item wpml-ls-item-en wpml-ls-first-item wpml-ls-last-item wpml-ls-item-legacy-list-horizontal\">\n\t\t\t\t<a href=\"https:\/\/onbcanada.ca\/\" hreflang=\"en\" lang=\"en\" class=\"wpml-ls-link\" aria-label=\"Passer \u00e0 English\" title=\"Passer \u00e0 English\">\n\t\t\t\t\t<span class=\"wpml-ls-native\">English<\/span><\/a>\n\t\t\t<\/li><\/ul>\n<\/div>\n<\/div><\/div>\n\n\n\n<div class=\"py-flex py-gap   \" style=\"--py-gap-value:0.4rem\">\n<figure class=\"wp-block-image size-full is-resized\"><img decoding=\"async\" src=\"https:\/\/onbcanada.ca\/wp-content\/uploads\/onb_logo_french_rgb.svg\" alt=\"\" class=\"wp-image-15051\" style=\"width:230px\"\/><\/figure>\n\n\n\n<h2 class=\"py-text \" style=\"--py-text-color:var(--py-brand-color-2);--py-font-size:3rem;--py-font-weight:400\">Con\u00e7u pour les affaires<\/h2>\n<\/div>\n\n\n\n<div data-pg-name=\"Piney Grid\" class=\"py-gap py-grid  py-grid-tab-l  \" style=\"--py-gap-value:var(--py-grid-gap);--py-grid-columns-tab-l:2\">\n<div class=\"wp-block-piney-py-lp-card lp-card\"> <img loading=\"lazy\" decoding=\"async\" width=\"2560\" height=\"2400\" src=\"https:\/\/onbcanada.ca\/wp-content\/uploads\/d2a7474_02-1-scaled.jpg\" class=\"lp-card__img wp-image-20165\" style=\"height:34vh\" srcset=\"https:\/\/onbcanada.ca\/wp-content\/uploads\/d2a7474_02-1-scaled.jpg 2560w, https:\/\/onbcanada.ca\/wp-content\/uploads\/d2a7474_02-1-300x281.jpg 300w, https:\/\/onbcanada.ca\/wp-content\/uploads\/d2a7474_02-1-1024x960.jpg 1024w, https:\/\/onbcanada.ca\/wp-content\/uploads\/d2a7474_02-1-768x720.jpg 768w, https:\/\/onbcanada.ca\/wp-content\/uploads\/d2a7474_02-1-1536x1440.jpg 1536w, https:\/\/onbcanada.ca\/wp-content\/uploads\/d2a7474_02-1-2048x1920.jpg 2048w\" sizes=\"auto, (max-width: 2560px) 100vw, 2560px\" \/> <div class=\"lp-card__content\" data-empty-placeholder=\"\" style=\"background:var(--py-gradient-2);padding:5rem 2rem\">\n<div data-pg-name=\"Piney Grid\" class=\"py-gap py-grid py-grid-tab-m   \" style=\"--py-gap-value:var(--py-grid-gap);--py-grid-template-columns:var(--py-grid-columns);--py-grid-columns-tab-m:minmax(0, 2fr) minmax(0, 1fr) \">\n<div class=\"py-flex py-gap   \" style=\"--py-gap-value:var(--py-content-gap);--py-align-items:flex-start\">\n<h2 class=\"py-text \" style=\"--py-text-color:var(--py-brand-color-7);--py-font-size:3rem;--py-font-weight:500\">Pour les investisseurs<\/h2>\n\n\n\n<p class=\"py-text \" style=\"--py-max-width:350px\">Implantez votre entreprise au Nouveau-Brunswick, une r\u00e9gion canadienne comp\u00e9titive con\u00e7ue pour la croissance et l&rsquo;expansion des entreprises<\/p>\n<\/div>\n\n\n\n<div class=\"py-flex py-gap py-flex-tab-m  \" style=\"--py-gap-value:var(--py-content-gap);--py-align-items-tab-m:flex-end;--py-justify-content-tab-m:flex-end\">\n<a href=\"https:\/\/onbcanada.ca\/fr\/investisseurs\/\" class=\"wp-block-piney-py-button btn investorsButton\"><span>En savoir plus<\/span><svg xmlns=\"http:\/\/www.w3.org\/2000\/svg\" width=\"22\" height=\"22\" viewBox=\"0 0 22 22\">  <g id=\"Group_153\" data-name=\"Group 153\" transform=\"translate(-1763 -896)\">  <g id=\"Group_152\" data-name=\"Group 152\" transform=\"translate(1664.811 -2731.029) rotate(90)\">  <g id=\"Group_24\" data-name=\"Group 24\" transform=\"translate(3632.466 -114.479)\">  <path id=\"Path_206\" data-name=\"Path 206\" d=\"M3636.879-107.817l5.366-5.366,5.365,5.366\" transform=\"translate(-3636.879 113.183)\" fill=\"none\" stroke=\"#f9423a\" stroke-linecap=\"round\" stroke-linejoin=\"round\" stroke-width=\"1\"><\/path>  <path id=\"Path_207\" data-name=\"Path 207\" d=\"M3647.085-95.5v-10.713\" transform=\"translate(-3641.719 106.211)\" fill=\"none\" stroke=\"#f9423a\" stroke-linecap=\"round\" stroke-width=\"1\"><\/path>  <\/g>  <g id=\"Ellipse_3\" data-name=\"Ellipse 3\" transform=\"translate(3627.029 -120.189)\" fill=\"none\" stroke=\"#f9423a\" stroke-linecap=\"round\" stroke-linejoin=\"round\" stroke-width=\"1\">  <circle cx=\"11\" cy=\"11\" r=\"11\" stroke=\"none\"><\/circle>  <circle cx=\"11\" cy=\"11\" r=\"10.5\" fill=\"none\"><\/circle>  <\/g>  <\/g>  <\/g>  <\/svg><\/a>\n<\/div>\n<\/div>\n<\/div> <\/div>\n\n\n\n<div class=\"wp-block-piney-py-lp-card lp-card\"> <img loading=\"lazy\" decoding=\"async\" width=\"1667\" height=\"2500\" src=\"https:\/\/onbcanada.ca\/wp-content\/uploads\/d2a0912_2.jpg\" class=\"lp-card__img wp-image-20168\" style=\"height:34vh\" srcset=\"https:\/\/onbcanada.ca\/wp-content\/uploads\/d2a0912_2.jpg 1667w, https:\/\/onbcanada.ca\/wp-content\/uploads\/d2a0912_2-200x300.jpg 200w, https:\/\/onbcanada.ca\/wp-content\/uploads\/d2a0912_2-683x1024.jpg 683w, https:\/\/onbcanada.ca\/wp-content\/uploads\/d2a0912_2-768x1152.jpg 768w, https:\/\/onbcanada.ca\/wp-content\/uploads\/d2a0912_2-1024x1536.jpg 1024w, https:\/\/onbcanada.ca\/wp-content\/uploads\/d2a0912_2-1366x2048.jpg 1366w\" sizes=\"auto, (max-width: 1667px) 100vw, 1667px\" \/> <div class=\"lp-card__content\" data-empty-placeholder=\"\" style=\"background:var(--py-gradient-2);padding:5rem 2rem\">\n<div data-pg-name=\"Piney Grid\" class=\"py-gap py-grid py-grid-tab-m   \" style=\"--py-gap-value:var(--py-grid-gap);--py-grid-template-columns:var(--py-grid-columns);--py-grid-columns-tab-m:minmax(0, 2fr) minmax(0, 1fr) \">\n<div class=\"py-flex py-gap   \" style=\"--py-gap-value:var(--py-content-gap)\">\n<h2 class=\"py-text \" style=\"--py-text-color:var(--py-brand-color-7);--py-font-size:3rem;--py-font-weight:500\">Pour les entreprises du Nouveau-Brunswick<\/h2>\n\n\n\n<p class=\"py-text \" style=\"--py-max-width:340px\">Apprenez \u00e0 naviguer, \u00e0 cro\u00eetre, \u00e0 optimiser et \u00e0 exporter vos produits et services gr\u00e2ce \u00e0 nos services sp\u00e9cialis\u00e9s.<\/p>\n<\/div>\n\n\n\n<div class=\"py-flex py-gap py-flex-tab-m  \" style=\"--py-gap-value:var(--py-content-gap);--py-align-items-tab-m:flex-end;--py-justify-content-tab-m:flex-end\">\n<a href=\"https:\/\/onbcanada.ca\/fr\/entreprises\/\" class=\"wp-block-piney-py-button btn businessesButton\"><span>En savoir plus<\/span><svg xmlns=\"http:\/\/www.w3.org\/2000\/svg\" width=\"22\" height=\"22\" viewBox=\"0 0 22 22\">  <g id=\"Group_153\" data-name=\"Group 153\" transform=\"translate(-1763 -896)\">  <g id=\"Group_152\" data-name=\"Group 152\" transform=\"translate(1664.811 -2731.029) rotate(90)\">  <g id=\"Group_24\" data-name=\"Group 24\" transform=\"translate(3632.466 -114.479)\">  <path id=\"Path_206\" data-name=\"Path 206\" d=\"M3636.879-107.817l5.366-5.366,5.365,5.366\" transform=\"translate(-3636.879 113.183)\" fill=\"none\" stroke=\"#f9423a\" stroke-linecap=\"round\" stroke-linejoin=\"round\" stroke-width=\"1\"><\/path>  <path id=\"Path_207\" data-name=\"Path 207\" d=\"M3647.085-95.5v-10.713\" transform=\"translate(-3641.719 106.211)\" fill=\"none\" stroke=\"#f9423a\" stroke-linecap=\"round\" stroke-width=\"1\"><\/path>  <\/g>  <g id=\"Ellipse_3\" data-name=\"Ellipse 3\" transform=\"translate(3627.029 -120.189)\" fill=\"none\" stroke=\"#f9423a\" stroke-linecap=\"round\" stroke-linejoin=\"round\" stroke-width=\"1\">  <circle cx=\"11\" cy=\"11\" r=\"11\" stroke=\"none\"><\/circle>  <circle cx=\"11\" cy=\"11\" r=\"10.5\" fill=\"none\"><\/circle>  <\/g>  <\/g>  <\/g>  <\/svg><\/a>\n<\/div>\n<\/div>\n<\/div> <\/div>\n<\/div>\n<\/div>\n<\/section>\n","protected":false},"excerpt":{"rendered":"","protected":false},"author":5,"featured_media":0,"parent":0,"menu_order":0,"comment_status":"closed","ping_status":"closed","template":"","meta":{"_seopress_robots_primary_cat":"","_seopress_titles_title":"Opportunit\u00e9s NB - Acc\u00e9l\u00e9rateur d\u2019entreprises du Nouveau-Brunswick","_seopress_titles_desc":"Opportunit\u00e9s NB (ONB) attire les investissements internationaux et aide les entreprises du Nouveau Brunswick \u00e0 naviguer, \u00e0 cro\u00eetre, \u00e0 optimiser et \u00e0 exporter.","_seopress_robots_index":"","footnotes":""},"class_list":["post-12999","page","type-page","status-publish","hentry"],"meta_box":{"choose_posts":[]},"_links":{"self":[{"href":"https:\/\/onbcanada.ca\/fr\/wp-json\/wp\/v2\/pages\/12999","targetHints":{"allow":["GET"]}}],"collection":[{"href":"https:\/\/onbcanada.ca\/fr\/wp-json\/wp\/v2\/pages"}],"about":[{"href":"https:\/\/onbcanada.ca\/fr\/wp-json\/wp\/v2\/types\/page"}],"author":[{"embeddable":true,"href":"https:\/\/onbcanada.ca\/fr\/wp-json\/wp\/v2\/users\/5"}],"replies":[{"embeddable":true,"href":"https:\/\/onbcanada.ca\/fr\/wp-json\/wp\/v2\/comments?post=12999"}],"version-history":[{"count":5,"href":"https:\/\/onbcanada.ca\/fr\/wp-json\/wp\/v2\/pages\/12999\/revisions"}],"predecessor-version":[{"id":20216,"href":"https:\/\/onbcanada.ca\/fr\/wp-json\/wp\/v2\/pages\/12999\/revisions\/20216"}],"wp:attachment":[{"href":"https:\/\/onbcanada.ca\/fr\/wp-json\/wp\/v2\/media?parent=12999"}],"curies":[{"name":"wp","href":"https:\/\/api.w.org\/{rel}","templated":true}]}}