{"id":13006,"date":"2024-09-27T12:43:03","date_gmt":"2024-09-27T16:43:03","guid":{"rendered":"https:\/\/onbcanada.ca\/entreprises\/contactez-nous\/"},"modified":"2025-06-18T11:00:12","modified_gmt":"2025-06-18T15:00:12","slug":"contactez-nous","status":"publish","type":"page","link":"https:\/\/onbcanada.ca\/fr\/entreprises\/contactez-nous\/","title":{"rendered":"Contactez-nous"},"content":{"rendered":"\n<section class=\"py-flex py-gap py-section  \" style=\"--py-gap-value:var(--py-section-gap)\">\n<div class=\"py-container py-flex py-gap\" style=\"--py-gap-value:var(--py-container-gap)\"><div class=\"wp-block-wpseopress-breadcrumbs\"><nav  aria-label=\"Fil d&#039;Ariane\"><ol class=\"breadcrumb\" itemscope itemtype=\"https:\/\/schema.org\/BreadcrumbList\"><li class=\"breadcrumb-item active\" aria-current=\"page\" itemprop=\"itemListElement\" itemscope itemtype=\"https:\/\/schema.org\/ListItem\"><span itemprop=\"name\">Accueil<\/span><meta itemprop=\"position\" content=\"1\"><\/li><\/ol><\/nav><\/div>\n\n\n<h2 class=\"wp-block-heading has-brand-2-color has-text-color has-link-color wp-elements-3ef1b2d4ff25042a2fca03976cfe092e\">Communiquez avec nous!<\/h2>\n\n\n\n<p class=\"py-text \" style=\"--py-font-size:clamp(1.6rem, calc(1.6rem + ((1vw - 0.43rem) * 0.594059405940594)), 2.2rem);--py-max-width:470px\">Communiquez avec notre \u00e9quipe et\u00a0 vous serez en route vers un succ\u00e8s en affaires au Nouveau-Brunswick.\u00a0<\/p>\n\n\n\n<div data-pg-name=\"Piney Grid\" class=\"py-gap py-grid  py-grid-tab-l  \" style=\"--py-gap-value:clamp(4rem, calc(4rem + ((1vw - 0.43rem) * 8.910891089108912)), 13rem);--py-grid-columns-tab-l:2;--py-align-items:start\">\n<div class=\"py-flex py-gap   \" style=\"--py-gap-value:var(--py-content-gap)\"><script type=\"text\/javascript\">\n\/* <![CDATA[ *\/\nvar gform;gform||(document.addEventListener(\"gform_main_scripts_loaded\",function(){gform.scriptsLoaded=!0}),document.addEventListener(\"gform\/theme\/scripts_loaded\",function(){gform.themeScriptsLoaded=!0}),window.addEventListener(\"DOMContentLoaded\",function(){gform.domLoaded=!0}),gform={domLoaded:!1,scriptsLoaded:!1,themeScriptsLoaded:!1,isFormEditor:()=>\"function\"==typeof InitializeEditor,callIfLoaded:function(o){return!(!gform.domLoaded||!gform.scriptsLoaded||!gform.themeScriptsLoaded&&!gform.isFormEditor()||(gform.isFormEditor()&&console.warn(\"The use of gform.initializeOnLoaded() is deprecated in the form editor context and will be removed in Gravity Forms 3.1.\"),o(),0))},initializeOnLoaded:function(o){gform.callIfLoaded(o)||(document.addEventListener(\"gform_main_scripts_loaded\",()=>{gform.scriptsLoaded=!0,gform.callIfLoaded(o)}),document.addEventListener(\"gform\/theme\/scripts_loaded\",()=>{gform.themeScriptsLoaded=!0,gform.callIfLoaded(o)}),window.addEventListener(\"DOMContentLoaded\",()=>{gform.domLoaded=!0,gform.callIfLoaded(o)}))},hooks:{action:{},filter:{}},addAction:function(o,r,e,t){gform.addHook(\"action\",o,r,e,t)},addFilter:function(o,r,e,t){gform.addHook(\"filter\",o,r,e,t)},doAction:function(o){gform.doHook(\"action\",o,arguments)},applyFilters:function(o){return gform.doHook(\"filter\",o,arguments)},removeAction:function(o,r){gform.removeHook(\"action\",o,r)},removeFilter:function(o,r,e){gform.removeHook(\"filter\",o,r,e)},addHook:function(o,r,e,t,n){null==gform.hooks[o][r]&&(gform.hooks[o][r]=[]);var d=gform.hooks[o][r];null==n&&(n=r+\"_\"+d.length),gform.hooks[o][r].push({tag:n,callable:e,priority:t=null==t?10:t})},doHook:function(r,o,e){var t;if(e=Array.prototype.slice.call(e,1),null!=gform.hooks[r][o]&&((o=gform.hooks[r][o]).sort(function(o,r){return o.priority-r.priority}),o.forEach(function(o){\"function\"!=typeof(t=o.callable)&&(t=window[t]),\"action\"==r?t.apply(null,e):e[0]=t.apply(null,e)})),\"filter\"==r)return e[0]},removeHook:function(o,r,t,n){var e;null!=gform.hooks[o][r]&&(e=(e=gform.hooks[o][r]).filter(function(o,r,e){return!!(null!=n&&n!=o.tag||null!=t&&t!=o.priority)}),gform.hooks[o][r]=e)}});\n\/* ]]> *\/\n<\/script>\n\n                <div class='gf_browser_gecko gform_wrapper gravity-theme gform-theme--no-framework' data-form-theme='gravity-theme' data-form-index='0' id='gform_wrapper_1' style='display:none'><form method='post' enctype='multipart\/form-data'  id='gform_1'  action='\/fr\/wp-json\/wp\/v2\/pages\/13006' data-formid='1' novalidate>\n                        <div class='gform-body gform_body'><div id='gform_fields_1' class='gform_fields top_label form_sublabel_below description_below validation_below'><div id=\"field_1_20\" class=\"gfield gfield--type-honeypot gform_validation_container field_sublabel_below gfield--has-description field_description_below field_validation_below gfield_visibility_visible\"  ><label class='gfield_label gform-field-label' for='input_1_20'>Facebook<\/label><div class='ginput_container'><input name='input_20' id='input_1_20' type='text' value='' autocomplete='new-password'\/><\/div><div class='gfield_description' id='gfield_description_1_20'>Ce champ n\u2019est utilis\u00e9 qu\u2019\u00e0 des fins de validation et devrait rester inchang\u00e9.<\/div><\/div><div id=\"field_1_8\" class=\"gfield gfield--type-select gfield--input-type-select gfield_contains_required field_sublabel_below gfield--no-description field_description_below hidden_label field_validation_below gfield_visibility_visible\"  ><label class='gfield_label gform-field-label' for='input_1_8'>Je suis un<span class=\"gfield_required\"><span class=\"gfield_required gfield_required_text\">(N\u00e9cessaire)<\/span><\/span><\/label><div class='ginput_container ginput_container_select'><select name='input_8' id='input_1_8' class='large gfield_select'    aria-required=\"true\" aria-invalid=\"false\" ><option value='' selected='selected' class='gf_placeholder'>Je suis un&#8230;<\/option><option value='R\u00e9sident du Nouveau-Brunswick \/ entreprise \/ entrepreneur' >R\u00e9sident du Nouveau-Brunswick \/ entreprise \/ entrepreneur<\/option><option value='Entrepreneur \/ entreprise \/ organisation op\u00e9rant \u00e0 l&#039;ext\u00e9rieur du Nouveau-Brunswick' >Entrepreneur \/ entreprise \/ organisation op\u00e9rant \u00e0 l&#039;ext\u00e9rieur du Nouveau-Brunswick<\/option><option value='Repr\u00e9sentant des m\u00e9dias' >Repr\u00e9sentant des m\u00e9dias<\/option><\/select><\/div><\/div><div id=\"field_1_17\" class=\"gfield gfield--type-select gfield--input-type-select gfield--width-full gfield_contains_required field_sublabel_below gfield--no-description field_description_below hidden_label field_validation_below gfield_visibility_visible\"  ><label class='gfield_label gform-field-label' for='input_1_17'>J&#039;ai une question sur&#8230;<span class=\"gfield_required\"><span class=\"gfield_required gfield_required_text\">(N\u00e9cessaire)<\/span><\/span><\/label><div class='ginput_container ginput_container_select'><select name='input_17' id='input_1_17' class='large gfield_select'    aria-required=\"true\" aria-invalid=\"false\" ><option value='' selected='selected' class='gf_placeholder'>J&#039;ai une question sur&#8230;<\/option><option value='Exploiter une entreprise au Nouveau-Brunswick' >Exploiter une entreprise au Nouveau-Brunswick<\/option><option value='Opportunit\u00e9s Nouveau-Brunswick \/ Renseignements g\u00e9n\u00e9raux' >Opportunit\u00e9s Nouveau-Brunswick \/ Renseignements g\u00e9n\u00e9raux<\/option><\/select><\/div><\/div><div id=\"field_1_18\" class=\"gfield gfield--type-select gfield--input-type-select gfield--width-full gfield_contains_required field_sublabel_below gfield--no-description field_description_below hidden_label field_validation_below gfield_visibility_visible\"  ><label class='gfield_label gform-field-label' for='input_1_18'>Je suis de&#8230; et je cherche<span class=\"gfield_required\"><span class=\"gfield_required gfield_required_text\">(N\u00e9cessaire)<\/span><\/span><\/label><div class='ginput_container ginput_container_select'><select name='input_18' id='input_1_18' class='large gfield_select'    aria-required=\"true\" aria-invalid=\"false\" ><option value='' selected='selected' class='gf_placeholder'>Je suis originaire de &#8230; et je cherche des informations sur la d\u00e9localisation ou l&#039;expansion de mon entreprise \u00e0 Brunswick.<\/option><option value='Inde' >Inde<\/option><option value='France' >France<\/option><option value='Autres provinces ou territoires canadiens' >Autres provinces ou territoires canadiens<\/option><option value='Mexique' >Mexique<\/option><option value='\u00c9tats-Unis' >\u00c9tats-Unis<\/option><option value='Royaume-Uni' >Royaume-Uni<\/option><option value='Une autre r\u00e9gion' >Une autre r\u00e9gion<\/option><\/select><\/div><\/div><div id=\"field_1_19\" class=\"gfield gfield--type-select gfield--input-type-select gfield--width-full gfield_contains_required field_sublabel_below gfield--no-description field_description_below hidden_label field_validation_below gfield_visibility_visible\"  ><label class='gfield_label gform-field-label' for='input_1_19'>Je cherche de l&#039;aide pour&#8230;<span class=\"gfield_required\"><span class=\"gfield_required gfield_required_text\">(N\u00e9cessaire)<\/span><\/span><\/label><div class='ginput_container ginput_container_select'><select name='input_19' id='input_1_19' class='large gfield_select'    aria-required=\"true\" aria-invalid=\"false\" ><option value='' selected='selected' class='gf_placeholder'>Je cherche de l&#039;aide pour&#8230;<\/option><option value='R\u00e9glementation, enregistrement des entreprises, licences ou autres r\u00e9glementations' >R\u00e9glementation, enregistrement des entreprises, licences ou autres r\u00e9glementations<\/option><option value='D\u00e9velopper une entreprise existante' >D\u00e9velopper une entreprise existante<\/option><option value='Cha\u00eenes d&#039;approvisionnement, productivit\u00e9, durabilit\u00e9, opportunit\u00e9s d&#039;approvisionnement' >Cha\u00eenes d&#039;approvisionnement, productivit\u00e9, durabilit\u00e9, opportunit\u00e9s d&#039;approvisionnement<\/option><option value='Exporter les produits ou services de mon entreprise' >Exporter les produits ou services de mon entreprise<\/option><\/select><\/div><\/div><div id=\"field_1_13\" class=\"gfield gfield--type-text gfield--input-type-text gfield--width-third gfield_contains_required field_sublabel_below gfield--no-description field_description_below hidden_label field_validation_below gfield_visibility_visible\"  ><label class='gfield_label gform-field-label' for='input_1_13'>Pr\u00e9nom<span class=\"gfield_required\"><span class=\"gfield_required gfield_required_text\">(N\u00e9cessaire)<\/span><\/span><\/label><div class='ginput_container ginput_container_text'><input name='input_13' id='input_1_13' type='text' value='' class='large'    placeholder='Pr\u00e9nom' aria-required=\"true\" aria-invalid=\"false\"   \/><\/div><\/div><div id=\"field_1_14\" class=\"gfield gfield--type-text gfield--input-type-text gfield--width-third gfield_contains_required field_sublabel_below gfield--no-description field_description_below hidden_label field_validation_below gfield_visibility_visible\"  ><label class='gfield_label gform-field-label' for='input_1_14'>Nom<span class=\"gfield_required\"><span class=\"gfield_required gfield_required_text\">(N\u00e9cessaire)<\/span><\/span><\/label><div class='ginput_container ginput_container_text'><input name='input_14' id='input_1_14' type='text' value='' class='large'    placeholder='Nom' aria-required=\"true\" aria-invalid=\"false\"   \/><\/div><\/div><div id=\"field_1_15\" class=\"gfield gfield--type-email gfield--input-type-email gfield--width-third gfield_contains_required field_sublabel_below gfield--no-description field_description_below hidden_label field_validation_below gfield_visibility_visible\"  ><label class='gfield_label gform-field-label' for='input_1_15'>Adresse \u00e9lectronique<span class=\"gfield_required\"><span class=\"gfield_required gfield_required_text\">(N\u00e9cessaire)<\/span><\/span><\/label><div class='ginput_container ginput_container_email'>\n                            <input name='input_15' id='input_1_15' type='email' value='' class='large'   placeholder='Adresse \u00e9lectronique' aria-required=\"true\" aria-invalid=\"false\"  \/>\n                        <\/div><\/div><div id=\"field_1_16\" class=\"gfield gfield--type-textarea gfield--input-type-textarea gfield--width-full gfield_contains_required field_sublabel_below gfield--no-description field_description_below hidden_label field_validation_below gfield_visibility_visible\"  ><label class='gfield_label gform-field-label' for='input_1_16'>Ins\u00e9rez votre message<span class=\"gfield_required\"><span class=\"gfield_required gfield_required_text\">(N\u00e9cessaire)<\/span><\/span><\/label><div class='ginput_container ginput_container_textarea'><textarea name='input_16' id='input_1_16' class='textarea medium'    placeholder='Ins\u00e9rez votre message' aria-required=\"true\" aria-invalid=\"false\"   rows='10' cols='50'><\/textarea><\/div><\/div><\/div><\/div>\n        <div class='gform-footer gform_footer top_label'> <button id=\"gform_submit_button_1\" type=\"submit\" class=\"gform_button button\" onclick=\"gform.submission.handleButtonClick(this);\">Soumettre<\/button> \n            <input type='hidden' class='gform_hidden' name='gform_submission_method' data-js='gform_submission_method_1' value='postback' \/>\n            <input type='hidden' class='gform_hidden' name='gform_theme' data-js='gform_theme_1' id='gform_theme_1' value='gravity-theme' \/>\n            <input type='hidden' class='gform_hidden' name='gform_style_settings' data-js='gform_style_settings_1' id='gform_style_settings_1' value='{&quot;inputPrimaryColor&quot;:&quot;#204ce5&quot;}' \/>\n            <input type='hidden' class='gform_hidden' name='is_submit_1' value='1' \/>\n            <input type='hidden' class='gform_hidden' name='gform_submit' value='1' \/>\n            \n            <input type='hidden' class='gform_hidden' name='gform_currency' data-currency='CAD' value='N+uUc8gEae13CzhpZVKqPRRQVM5kbGrppu3mGsTRxasM1yk6yjkWMG3ezxV88bI043HWgDCTRmi24HCls1lYVXJjT0og\/STdHDwxyeh0fQpF6dE=' \/>\n            <input type='hidden' class='gform_hidden' name='gform_unique_id' value='' \/>\n            <input type='hidden' class='gform_hidden' name='state_1' value='WyJbXSIsIjI4OTQ2NWM0ZTYyODhiZTdmOTg4Y2ZjZjQ3Yzk2OWQwIl0=' \/>\n            <input type='hidden' autocomplete='off' class='gform_hidden' name='gform_target_page_number_1' id='gform_target_page_number_1' value='0' \/>\n            <input type='hidden' autocomplete='off' class='gform_hidden' name='gform_source_page_number_1' id='gform_source_page_number_1' value='1' \/>\n            <input type='hidden' name='gform_field_values' value='' \/>\n            \n        <\/div>\n                        <\/form>\n                        <\/div><script type=\"text\/javascript\">\n\/* <![CDATA[ *\/\n gform.initializeOnLoaded( function() {gformInitSpinner( 1, 'https:\/\/onbcanada.ca\/wp-content\/plugins\/gravityforms\/images\/spinner.svg', true );jQuery('#gform_ajax_frame_1').on('load',function(){var contents = jQuery(this).contents().find('*').html();var is_postback = contents.indexOf('GF_AJAX_POSTBACK') >= 0;if(!is_postback){return;}var form_content = jQuery(this).contents().find('#gform_wrapper_1');var is_confirmation = jQuery(this).contents().find('#gform_confirmation_wrapper_1').length > 0;var is_redirect = contents.indexOf('gformRedirect(){') >= 0;var is_form = form_content.length > 0 && ! is_redirect && ! is_confirmation;var mt = parseInt(jQuery('html').css('margin-top'), 10) + parseInt(jQuery('body').css('margin-top'), 10) + 100;if(is_form){form_content.find('form').css('opacity', 0);jQuery('#gform_wrapper_1').html(form_content.html());if(form_content.hasClass('gform_validation_error')){jQuery('#gform_wrapper_1').addClass('gform_validation_error');} else {jQuery('#gform_wrapper_1').removeClass('gform_validation_error');}setTimeout( function() { \/* delay the scroll by 50 milliseconds to fix a bug in chrome *\/  }, 50 );if(window['gformInitDatepicker']) {gformInitDatepicker();}if(window['gformInitPriceFields']) {gformInitPriceFields();}var current_page = jQuery('#gform_source_page_number_1').val();gformInitSpinner( 1, 'https:\/\/onbcanada.ca\/wp-content\/plugins\/gravityforms\/images\/spinner.svg', true );jQuery(document).trigger('gform_page_loaded', [1, current_page]);window['gf_submitting_1'] = false;}else if(!is_redirect){var confirmation_content = jQuery(this).contents().find('.GF_AJAX_POSTBACK').html();if(!confirmation_content){confirmation_content = contents;}jQuery('#gform_wrapper_1').replaceWith(confirmation_content);jQuery(document).trigger('gform_confirmation_loaded', [1]);window['gf_submitting_1'] = false;wp.a11y.speak(jQuery('#gform_confirmation_message_1').text());}else{jQuery('#gform_1').append(contents);if(window['gformRedirect']) {gformRedirect();}}jQuery(document).trigger(\"gform_pre_post_render\", [{ formId: \"1\", currentPage: \"current_page\", abort: function() { this.preventDefault(); } }]);        if (event && event.defaultPrevented) {                return;        }        const gformWrapperDiv = document.getElementById( \"gform_wrapper_1\" );        if ( gformWrapperDiv ) {            const visibilitySpan = document.createElement( \"span\" );            visibilitySpan.id = \"gform_visibility_test_1\";            gformWrapperDiv.insertAdjacentElement( \"afterend\", visibilitySpan );        }        const visibilityTestDiv = document.getElementById( \"gform_visibility_test_1\" );        let postRenderFired = false;        function triggerPostRender() {            if ( postRenderFired ) {                return;            }            postRenderFired = true;            gform.core.triggerPostRenderEvents( 1, current_page );            if ( visibilityTestDiv ) {                visibilityTestDiv.parentNode.removeChild( visibilityTestDiv );            }        }        function debounce( func, wait, immediate ) {            var timeout;            return function() {                var context = this, args = arguments;                var later = function() {                    timeout = null;                    if ( !immediate ) func.apply( context, args );                };                var callNow = immediate && !timeout;                clearTimeout( timeout );                timeout = setTimeout( later, wait );                if ( callNow ) func.apply( context, args );            };        }        const debouncedTriggerPostRender = debounce( function() {            triggerPostRender();        }, 200 );        if ( visibilityTestDiv && visibilityTestDiv.offsetParent === null ) {            const observer = new MutationObserver( ( mutations ) => {                mutations.forEach( ( mutation ) => {                    if ( mutation.type === 'attributes' && visibilityTestDiv.offsetParent !== null ) {                        debouncedTriggerPostRender();                        observer.disconnect();                    }                });            });            observer.observe( document.body, {                attributes: true,                childList: false,                subtree: true,                attributeFilter: [ 'style', 'class' ],            });        } else {            triggerPostRender();        }    } );} ); \n\/* ]]> *\/\n<\/script>\n<\/div>\n\n\n\n<div class=\"py-flex py-gap   \" style=\"--py-gap-value:var(--py-content-gap);--py-justify-content:center\">\n<h3 class=\"wp-block-heading has-brand-6-color has-text-color has-link-color wp-elements-2dc5ec7f99d418a4c9a564cf46f9fa78\" style=\"font-size:2.5rem\">Demandes g\u00e9n\u00e9rales<\/h3>\n\n\n\n<p><strong>T\u00e9l :<\/strong> +1 (506) 453-5471<br><strong>Sans frais\u00a0:<\/strong> +1 (855) 746-4662 (en Am\u00e9rique du Nord)<br><strong>T<strong>\u00e9<\/strong><\/strong>l<strong><strong>\u00e9<\/strong>c :<\/strong> +1 (506) 444-4277 <br><strong>Courriel :<\/strong> info@onbcanada.ca<\/p>\n\n\n\n<p><strong>Adresse postale<\/strong> <br>Place 2000, 250 rue King<br>Fredericton, (Nouveau-Brunswick) E3B 9M9 Canada<\/p>\n\n\n\n<p><strong>Heures d\u2019ouverture<\/strong><br>Du lundi au vendredi, de 8 h 15 \u00e0 16 h 30 (HNA)<\/p>\n\n\n\n<h3 class=\"wp-block-heading has-brand-6-color has-text-color has-link-color wp-elements-421b9dab5372c463b9c928821a3cd0c9\" style=\"font-size:2.5rem\">Suivez-nous sur les r\u00e9seaux sociaux<\/h3>\n\n\n\n<div class=\"wp-block-piney-py-socials py-socials\"> <a href=\"https:\/\/www.facebook.com\/OpportunitesNB\/\" target=\"_blank\"><svg xmlns=\"http:\/\/www.w3.org\/2000\/svg\" width=\"51.5\" height=\"51.5\" viewBox=\"0 0 51.5 51.5\">  <path id=\"Path_10\" data-name=\"Path 10\" d=\"M25.75,51.5A25.75,25.75,0,1,1,51.5,25.75,25.779,25.779,0,0,1,25.75,51.5m0-49.543A23.793,23.793,0,1,0,49.543,25.75,23.819,23.819,0,0,0,25.75,1.957\" fill=\"#63b1bc\"><\/path>  <path id=\"Path_11\" data-name=\"Path 11\" d=\"M45.062,43.741a1.322,1.322,0,0,1-1.322,1.322h-6.1V35.787H40.75l.466-3.615H37.637V29.864c0-1.047.29-1.76,1.792-1.76h1.914V24.87a25.715,25.715,0,0,0-2.79-.142c-2.76,0-4.649,1.685-4.649,4.778v2.666H30.782v3.615H33.9v9.275H22.432a1.322,1.322,0,0,1-1.322-1.322V22.432a1.322,1.322,0,0,1,1.322-1.322H43.741a1.322,1.322,0,0,1,1.322,1.322Z\" transform=\"translate(-7.337 -7.337)\" fill=\"#63b1bc\"><\/path>  <\/svg><\/a> <a href=\"https:\/\/www.linkedin.com\/company\/opportunit%C3%A9s-nouveau-brunswick\/\" target=\"_blank\"><svg xmlns=\"http:\/\/www.w3.org\/2000\/svg\" width=\"51.5\" height=\"51.5\" viewBox=\"0 0 51.5 51.5\">  <rect id=\"Rectangle_1\" data-name=\"Rectangle 1\" width=\"4.691\" height=\"14.864\" transform=\"translate(15.628 21.826)\" fill=\"#63b1bc\"><\/rect>  <path id=\"Path_7\" data-name=\"Path 7\" d=\"M179.193,33.233c-2.687,0-4.371,1.456-4.683,2.475V33.376H169.24c.068,1.238,0,14.864,0,14.864h5.271V40.2a3.39,3.39,0,0,1,.114-1.215,2.686,2.686,0,0,1,2.541-1.822c1.829,0,2.662,1.375,2.662,3.388V48.24h5.32V39.975c0-4.6-2.62-6.742-5.954-6.742\" transform=\"translate(-146.057 -11.55)\" fill=\"#63b1bc\"><\/path>  <path id=\"Path_8\" data-name=\"Path 8\" d=\"M159.6,22.7a2.62,2.62,0,0,0-2.866,2.581,2.593,2.593,0,0,0,2.8,2.577h.034A2.591,2.591,0,1,0,159.6,22.7\" transform=\"translate(-141.71 -7.889)\" fill=\"#63b1bc\"><\/path>  <path id=\"Path_9\" data-name=\"Path 9\" d=\"M159.459,51.5a25.75,25.75,0,1,1,25.75-25.75,25.779,25.779,0,0,1-25.75,25.75m0-49.543A23.793,23.793,0,1,0,183.252,25.75,23.819,23.819,0,0,0,159.459,1.957\" transform=\"translate(-133.709)\" fill=\"#63b1bc\"><\/path>  <\/svg><\/a> <a href=\"https:\/\/www.instagram.com\/onbcanada\/\" target=\"_blank\"><svg xmlns=\"http:\/\/www.w3.org\/2000\/svg\" width=\"51.5\" height=\"51.5\" viewBox=\"0 0 51.5 51.5\">  <g id=\"Group_688\" data-name=\"Group 688\" transform=\"translate(-1323.78 -8099.75)\">  <path id=\"Path_821\" data-name=\"Path 821\" d=\"M25.75,51.5A25.75,25.75,0,1,1,51.5,25.75,25.779,25.779,0,0,1,25.75,51.5m0-49.543A23.793,23.793,0,1,0,49.543,25.75,23.819,23.819,0,0,0,25.75,1.957\" transform=\"translate(1323.78 8099.75)\" fill=\"var(--py-brand-color-6)\"><\/path>  <g id=\"Layer_1\" transform=\"translate(1337.891 8113.523)\">  <g id=\"Instagram\">  <path id=\"Path_822\" data-name=\"Path 822\" d=\"M18.97,4.43a1.45,1.45,0,1,0,1.45,1.45,1.451,1.451,0,0,0-1.45-1.45Z\" transform=\"translate(-0.678 -0.171)\" fill=\"var(--py-brand-color-6)\"><\/path>  <path id=\"Path_823\" data-name=\"Path 823\" d=\"M12.5,6.29a6.11,6.11,0,1,0,6.11,6.11A6.116,6.116,0,0,0,12.5,6.29Zm0,10.02a3.91,3.91,0,1,1,3.91-3.91A3.916,3.916,0,0,1,12.5,16.31Z\" transform=\"translate(-0.431 -0.424)\" fill=\"var(--py-brand-color-6)\"><\/path>  <path id=\"Path_824\" data-name=\"Path 824\" d=\"M16.757,23.952H7.2a7.2,7.2,0,0,1-7.2-7.2V7.2A7.2,7.2,0,0,1,7.2,0h9.562a7.2,7.2,0,0,1,7.2,7.2v9.562a7.2,7.2,0,0,1-7.2,7.2ZM7.2,2.25A4.955,4.955,0,0,0,2.25,7.2v9.562A4.955,4.955,0,0,0,7.2,21.7h9.562A4.955,4.955,0,0,0,21.7,16.757V7.2A4.955,4.955,0,0,0,16.757,2.25Z\" fill=\"var(--py-brand-color-6)\"><\/path>  <\/g>  <\/g>  <\/g>  <\/svg><\/a><a href=\"https:\/\/www.youtube.com\/channel\/UCiwU1w28lMFcgVus2PTlS5A\" target=\"_blank\"><svg xmlns=\"http:\/\/www.w3.org\/2000\/svg\" width=\"51.5\" height=\"51.5\" viewBox=\"0 0 51.5 51.5\">  <path id=\"Path_12\" data-name=\"Path 12\" d=\"M426.878,51.5a25.75,25.75,0,1,1,25.75-25.75,25.779,25.779,0,0,1-25.75,25.75m0-49.543A23.793,23.793,0,1,0,450.671,25.75,23.819,23.819,0,0,0,426.878,1.957\" transform=\"translate(-401.128)\" fill=\"#63b1bc\"><\/path>  <path id=\"Path_13\" data-name=\"Path 13\" d=\"M442.31,25.34H424.7a4.505,4.505,0,0,0-4.505,4.506v9.422a4.505,4.505,0,0,0,4.505,4.506H442.31a4.506,4.506,0,0,0,4.506-4.506V29.846a4.506,4.506,0,0,0-4.506-4.506m-3.4,9.761-7.987,4.1a.614.614,0,0,1-.9-.545V30.461a.615.615,0,0,1,.615-.614.625.625,0,0,1,.282.069l7.987,4.1a.614.614,0,0,1,0,1.094Z\" transform=\"translate(-407.753 -8.807)\" fill=\"#63b1bc\"><\/path>  <\/svg><\/a> <\/div>\n<\/div>\n<\/div>\n<\/div>\n<\/section>\n\n\n\n<section class=\"py-flex py-gap py-section py-background-color-4 \" style=\"--py-gap-value:var(--py-section-gap)\">\n<div class=\"py-container py-flex py-gap\" style=\"--py-gap-value:var(--py-container-gap)\">\n<h2 class=\"py-text \" style=\"--py-text-color:var(--py-brand-color-2);--py-max-width:470px\">Nous avons des bureaux dans toutes les r\u00e9gions du Nouveau-Brunswick<\/h2>\n\n\n\n<p class=\"py-text \" style=\"--py-max-width:470px\">Pour entrer en contact avec nos bureaux r\u00e9gionaux, veuillez utiliser le formulaire de contact ci-dessus.\u00a0<\/p>\n\n\n<div class=\"contact-map wp-block-piney-py-contact-map\">\n        <div>\n                            <div id=\"mapsvg-8\" data-id=\"8\" class=\"mapsvg\" data-autoload=\"true\" data-load-db=\"true\" data-loading-text=\"Loading map...\" style=\"width: 100%; height: 0; padding-bottom: 37.5%\"><\/div>            <\/div>\n<\/div><\/div>\n<\/section>\n","protected":false},"excerpt":{"rendered":"","protected":false},"author":5,"featured_media":0,"parent":13002,"menu_order":0,"comment_status":"closed","ping_status":"closed","template":"","meta":{"_seopress_robots_primary_cat":"","_seopress_titles_title":"Contactez-nous - Opportunit\u00e9s NB","_seopress_titles_desc":"Nous pouvons vous aider! Contactez-nous pour en savoir plus sur le soutien offert aux entreprises d\u2019ici ou qui souhaitent s\u2019implanter au Nouveau-Brunswick.","_seopress_robots_index":"","footnotes":""},"class_list":["post-13006","page","type-page","status-publish","hentry"],"meta_box":{"choose_posts":[]},"_links":{"self":[{"href":"https:\/\/onbcanada.ca\/fr\/wp-json\/wp\/v2\/pages\/13006","targetHints":{"allow":["GET"]}}],"collection":[{"href":"https:\/\/onbcanada.ca\/fr\/wp-json\/wp\/v2\/pages"}],"about":[{"href":"https:\/\/onbcanada.ca\/fr\/wp-json\/wp\/v2\/types\/page"}],"author":[{"embeddable":true,"href":"https:\/\/onbcanada.ca\/fr\/wp-json\/wp\/v2\/users\/5"}],"replies":[{"embeddable":true,"href":"https:\/\/onbcanada.ca\/fr\/wp-json\/wp\/v2\/comments?post=13006"}],"version-history":[{"count":5,"href":"https:\/\/onbcanada.ca\/fr\/wp-json\/wp\/v2\/pages\/13006\/revisions"}],"predecessor-version":[{"id":104374,"href":"https:\/\/onbcanada.ca\/fr\/wp-json\/wp\/v2\/pages\/13006\/revisions\/104374"}],"up":[{"embeddable":true,"href":"https:\/\/onbcanada.ca\/fr\/wp-json\/wp\/v2\/pages\/13002"}],"wp:attachment":[{"href":"https:\/\/onbcanada.ca\/fr\/wp-json\/wp\/v2\/media?parent=13006"}],"curies":[{"name":"wp","href":"https:\/\/api.w.org\/{rel}","templated":true}]}}