{"id":13197,"date":"2024-10-09T12:47:06","date_gmt":"2024-10-09T16:47:06","guid":{"rendered":"https:\/\/onbcanada.ca\/entreprises\/naviguer\/regulatory-competitiveness\/"},"modified":"2025-02-12T15:15:24","modified_gmt":"2025-02-12T20:15:24","slug":"reglementation-concurrentielle","status":"publish","type":"page","link":"https:\/\/onbcanada.ca\/fr\/entreprises\/naviguer\/reglementation-concurrentielle\/","title":{"rendered":"R\u00e9glementation concurrentielle"},"content":{"rendered":"\n<section class=\"py-flex py-gap py-section  \" style=\"--py-gap-value:var(--py-section-gap)\">\n<div class=\"py-container py-flex py-gap\" style=\"--py-gap-value:var(--py-container-gap);--py-container-width:1600px\"><div class=\"wp-block-wpseopress-breadcrumbs\"><nav  aria-label=\"Fil d&#039;Ariane\"><ol class=\"breadcrumb\" itemscope itemtype=\"https:\/\/schema.org\/BreadcrumbList\"><li class=\"breadcrumb-item active\" aria-current=\"page\" itemprop=\"itemListElement\" itemscope itemtype=\"https:\/\/schema.org\/ListItem\"><span itemprop=\"name\">Accueil<\/span><meta itemprop=\"position\" content=\"1\"><\/li><\/ol><\/nav><\/div>\n\n\n<div data-pg-name=\"Piney Grid\" class=\"py-gap py-grid  py-grid-tab-l  \" style=\"--py-gap-value:clamp(4rem, calc(4rem + ((1vw - 0.43rem) * 7.920792079207921)), 12rem);--py-grid-template-columns:var(--py-grid-columns);--py-grid-columns-tab-l:minmax(0, 1fr) minmax(0, 2fr)\">\n<div class=\"py-flex py-gap   \" style=\"--py-gap-value:var(--py-content-gap);--py-justify-content:center\">\n<h1 class=\"py-text \" style=\"--py-text-color:var(--py-brand-color-2);--py-max-width:380px\">Assurer une r\u00e9glementation concurrentielle<\/h1>\n\n\n\n<p class=\"py-text \">Bien que la r\u00e9glementation et un certain degr\u00e9 de fardeau r\u00e9glementaire soient n\u00e9cessaires \u00e0 l\u2019atteinte de r\u00e9sultats et au fonctionnement de la soci\u00e9t\u00e9, une r\u00e9glementation ou une bureaucratie excessive peut engendrer des difficult\u00e9s pour les entreprises du Nouveau-Brunswick.<br><br>Le fait d\u2019assurer une r\u00e9glementation concurrentielle est un objectif cl\u00e9 de notre <strong><a href=\"https:\/\/onbcanada.ca\/wp-content\/uploads\/strategic-plan-2022-2027-fr.pdf\" data-type=\"link\" data-id=\"https:\/\/onbcanada.ca\/wp-content\/uploads\/strategic-plan-2022-2027-fr.pdf\" target=\"_blank\" rel=\"noreferrer noopener\">Plan strat\u00e9gique\u00a02022-2027<\/a><\/strong> et une initiative importante du plan du gouvernement du Nouveau-Brunswick (GNB) visant \u00e0 dynamiser le secteur priv\u00e9 et \u00e0 cr\u00e9er un climat d\u2019affaires favorisant la prosp\u00e9rit\u00e9 des entreprises du Nouveau-Brunswick.<\/p>\n<\/div>\n\n\n\n<img loading=\"lazy\" decoding=\"async\" width=\"1920\" height=\"1289\" src=\"https:\/\/onbcanada.ca\/wp-content\/uploads\/header.webp\" class=\"py-image wp-image-12014\" style=\"--py-object-fit:cover;border-radius:clamp(2rem, calc(2rem + ((1vw - 0.32rem) * 0.8928571428571429)), 3rem)\" alt=\"header\" srcset=\"https:\/\/onbcanada.ca\/wp-content\/uploads\/header.webp 1920w, https:\/\/onbcanada.ca\/wp-content\/uploads\/header-300x201.webp 300w, https:\/\/onbcanada.ca\/wp-content\/uploads\/header-1024x687.webp 1024w, https:\/\/onbcanada.ca\/wp-content\/uploads\/header-768x516.webp 768w, https:\/\/onbcanada.ca\/wp-content\/uploads\/header-1536x1031.webp 1536w\" sizes=\"auto, (max-width: 1920px) 100vw, 1920px\" \/>\n<\/div>\n<\/div>\n<\/section>\n\n\n\n<section class=\"py-flex py-gap py-section py-background-color-4 \" style=\"--py-gap-value:var(--py-section-gap)\">\n<div class=\"py-container py-flex py-gap\" style=\"--py-gap-value:var(--py-container-gap)\">\n<h2 class=\"py-text \">D\u00e9finitions<\/h2>\n\n\n\n<div data-pg-name=\"Piney Grid\" class=\"py-gap py-grid  py-grid-tab-l  \" style=\"--py-gap-value:var(--py-grid-gap);--py-grid-columns-tab-l:2\">\n<div class=\"py-flex py-gap   \" style=\"--py-gap-value:var(--py-content-gap);--py-align-items:flex-start\">\n<img loading=\"lazy\" decoding=\"async\" width=\"234\" height=\"309\" src=\"https:\/\/onbcanada.ca\/wp-content\/uploads\/regulatory.webp\" class=\"py-image wp-image-12022\" style=\"--py-height:clamp(5.4rem, calc(5.4rem + ((1vw - 0.43rem) * 4.554455445544554)), 10rem)\" alt=\"regulatory\" srcset=\"https:\/\/onbcanada.ca\/wp-content\/uploads\/regulatory.webp 234w, https:\/\/onbcanada.ca\/wp-content\/uploads\/regulatory-227x300.webp 227w\" sizes=\"auto, (max-width: 234px) 100vw, 234px\" \/>\n\n\n\n<h3 class=\"py-text \" style=\"--py-text-color:var(--py-brand-color-2)\">Fardeau r\u00e9glementaire<\/h3>\n\n\n\n<p class=\"py-text \">Le fardeau r\u00e9glementaire d\u00e9signe le temps et les co\u00fbts financiers exig\u00e9s des entreprises pour se conformer \u00e0 la r\u00e9glementation, \u00e0 la l\u00e9gislation, aux politiques, aux proc\u00e9dures ou aux pratiques.<\/p>\n<\/div>\n\n\n\n<div class=\"py-flex py-gap   \" style=\"--py-gap-value:var(--py-content-gap);--py-align-items:flex-start\">\n<img loading=\"lazy\" decoding=\"async\" width=\"1351\" height=\"1469\" src=\"https:\/\/onbcanada.ca\/wp-content\/uploads\/red-tape-3_v01.png\" class=\"py-image wp-image-16337\" style=\"--py-height:clamp(5.4rem, calc(5.4rem + ((1vw - 0.43rem) * 4.554455445544554)), 10rem)\" srcset=\"https:\/\/onbcanada.ca\/wp-content\/uploads\/red-tape-3_v01.png 1351w, https:\/\/onbcanada.ca\/wp-content\/uploads\/red-tape-3_v01-276x300.png 276w, https:\/\/onbcanada.ca\/wp-content\/uploads\/red-tape-3_v01-942x1024.png 942w, https:\/\/onbcanada.ca\/wp-content\/uploads\/red-tape-3_v01-768x835.png 768w\" sizes=\"auto, (max-width: 1351px) 100vw, 1351px\" \/>\n\n\n\n<h3 class=\"py-text \" style=\"--py-text-color:var(--py-brand-color-2)\">Bureaucratie<\/h3>\n\n\n\n<p class=\"py-text \">La bureaucratie d\u00e9signe le fardeau r\u00e9glementaire excessif impos\u00e9 par la r\u00e9glementation et les processus qui peuvent avoir une incidence sur le co\u00fbt de faire des affaires.<\/p>\n<\/div>\n<\/div>\n<\/div>\n<\/section>\n\n\n\n<section class=\"py-flex py-gap py-section  \" style=\"--py-gap-value:var(--py-section-gap)\">\n<div class=\"py-container py-flex py-gap\" style=\"--py-gap-value:var(--py-container-gap)\">\n<div data-pg-name=\"Piney Grid\" class=\"py-gap py-grid  py-grid-tab-l  \" style=\"--py-gap-value:var(--py-grid-gap) * 3;--py-grid-template-columns:var(--py-grid-columns);--py-grid-columns-tab-l:minmax(0, 2fr) minmax(0, 3fr)\">\n<div class=\"py-flex py-gap   \" style=\"--py-gap-value:var(--py-content-gap)\">\n<h2 class=\"py-text \" style=\"--py-max-width:380px\">Ce que nous faisons<\/h2>\n\n\n\n<p class=\"py-text \">Nous favorisons la d\u00e9termination et l\u2019adoption de r\u00e8glements concurrentiels pour les entreprises en collaborant avec les minist\u00e8res, les organismes et les soci\u00e9t\u00e9s de la Couronne du GNB dans le but de r\u00e9duire le fardeau r\u00e9glementaire global qui p\u00e8se sur les entreprises.<\/p>\n<\/div>\n\n\n\n<img loading=\"lazy\" decoding=\"async\" width=\"2500\" height=\"1444\" src=\"https:\/\/onbcanada.ca\/wp-content\/uploads\/ensuring-regulatory-competitiveness-what-we-do-3.jpg\" class=\"py-image wp-image-19172\" style=\"--py-object-fit:contain;border-radius:clamp(2rem, calc(2rem + ((1vw - 0.32rem) * 0.8928571428571429)), 3rem)\" srcset=\"https:\/\/onbcanada.ca\/wp-content\/uploads\/ensuring-regulatory-competitiveness-what-we-do-3.jpg 2500w, https:\/\/onbcanada.ca\/wp-content\/uploads\/ensuring-regulatory-competitiveness-what-we-do-3-300x173.jpg 300w, https:\/\/onbcanada.ca\/wp-content\/uploads\/ensuring-regulatory-competitiveness-what-we-do-3-1024x591.jpg 1024w, https:\/\/onbcanada.ca\/wp-content\/uploads\/ensuring-regulatory-competitiveness-what-we-do-3-768x444.jpg 768w, https:\/\/onbcanada.ca\/wp-content\/uploads\/ensuring-regulatory-competitiveness-what-we-do-3-1536x887.jpg 1536w, https:\/\/onbcanada.ca\/wp-content\/uploads\/ensuring-regulatory-competitiveness-what-we-do-3-2048x1183.jpg 2048w\" sizes=\"auto, (max-width: 2500px) 100vw, 2500px\" \/>\n<\/div>\n<\/div>\n<\/section>\n\n\n\n<section class=\"py-flex py-gap py-section py-background-color-4 \" style=\"--py-gap-value:var(--py-section-gap)\">\n<div class=\"py-container py-flex py-gap\" style=\"--py-gap-value:var(--py-container-gap);--py-align-items:center\">\n<h2 class=\"py-text \">Nos progr\u00e8s<\/h2>\n\n\n\n<div class=\"py-flex py-gap   \" style=\"--py-gap-value:var(--py-content-gap);--py-align-items:center\">\n<p class=\"py-text \" style=\"--py-text-align:center;--py-max-width:642px\">En vertu de la <a href=\"https:\/\/lois.gnb.ca\/fr\/document\/lc\/2016,%20c.11\" data-type=\"link\" data-id=\"https:\/\/lois.gnb.ca\/fr\/document\/lc\/2016,%20c.11\" target=\"_blank\" rel=\"noreferrer noopener\"><strong>Loi sur la responsabilisation et la pr\u00e9sentation de rapports <\/strong><\/a>en mati\u00e8re de r\u00e9glementation, le gouvernement a l\u2019obligation de rendre compte annuellement au premier ministre et au public des progr\u00e8s accomplis dans la r\u00e9duction du fardeau r\u00e9glementaire et l\u2019am\u00e9lioration des services aux r\u00e9sidents et aux entreprises.<br><br>Le rapport annuel <em><a href=\"https:\/\/onbcanada.ca\/wp-content\/uploads\/regulatory-report-2023-2024-fr.pdf\" target=\"_blank\" rel=\"noreferrer noopener\"><strong>Assurer une r\u00e9glementation concurrentielle<\/strong><\/a> <\/em>d\u00e9taille les efforts, les mesures et les r\u00e9alisations collectifs des minist\u00e8res du GNB pour am\u00e9liorer le paysage r\u00e9glementaire au Nouveau-Brunswick.<\/p>\n<\/div>\n\n\n\n<a href=\"https:\/\/onbcanada.ca\/fr\/entreprises\/qui-nous-sommes\/transparence\/archives-rapports\/\" class=\"wp-block-piney-py-button btn\"><span>Lire les rapports<\/span><svg xmlns=\"http:\/\/www.w3.org\/2000\/svg\" width=\"22\" height=\"22\" viewBox=\"0 0 22 22\">  <g id=\"Group_153\" data-name=\"Group 153\" transform=\"translate(-1763 -896)\">  <g id=\"Group_152\" data-name=\"Group 152\" transform=\"translate(1664.811 -2731.029) rotate(90)\">  <g id=\"Group_24\" data-name=\"Group 24\" transform=\"translate(3632.466 -114.479)\">  <path id=\"Path_206\" data-name=\"Path 206\" d=\"M3636.879-107.817l5.366-5.366,5.365,5.366\" transform=\"translate(-3636.879 113.183)\" fill=\"none\" stroke=\"#f9423a\" stroke-linecap=\"round\" stroke-linejoin=\"round\" stroke-width=\"1\"><\/path>  <path id=\"Path_207\" data-name=\"Path 207\" d=\"M3647.085-95.5v-10.713\" transform=\"translate(-3641.719 106.211)\" fill=\"none\" stroke=\"#f9423a\" stroke-linecap=\"round\" stroke-width=\"1\"><\/path>  <\/g>  <g id=\"Ellipse_3\" data-name=\"Ellipse 3\" transform=\"translate(3627.029 -120.189)\" fill=\"none\" stroke=\"#f9423a\" stroke-linecap=\"round\" stroke-linejoin=\"round\" stroke-width=\"1\">  <circle cx=\"11\" cy=\"11\" r=\"11\" stroke=\"none\"><\/circle>  <circle cx=\"11\" cy=\"11\" r=\"10.5\" fill=\"none\"><\/circle>  <\/g>  <\/g>  <\/g>  <\/svg><\/a>\n<\/div>\n<\/section>\n\n\n\n<section class=\"py-flex py-gap py-section  \" style=\"--py-gap-value:var(--py-section-gap)\">\n<div class=\"py-container py-flex py-gap\" style=\"--py-gap-value:var(--py-container-gap)\">\n<div data-pg-name=\"Piney Grid\" class=\"py-gap py-grid  py-grid-tab-l  \" style=\"--py-gap-value:var(--py-grid-gap);--py-grid-columns-tab-l:2\">\n<img loading=\"lazy\" decoding=\"async\" width=\"1200\" height=\"890\" src=\"https:\/\/onbcanada.ca\/wp-content\/uploads\/onb-meeting.webp\" class=\"py-image wp-image-12057\" style=\"border-radius:clamp(2rem, calc(2rem + ((1vw - 0.32rem) * 0.8928571428571429)), 3rem)\" alt=\"onb meeting\" srcset=\"https:\/\/onbcanada.ca\/wp-content\/uploads\/onb-meeting.webp 1200w, https:\/\/onbcanada.ca\/wp-content\/uploads\/onb-meeting-300x223.webp 300w, https:\/\/onbcanada.ca\/wp-content\/uploads\/onb-meeting-1024x759.webp 1024w, https:\/\/onbcanada.ca\/wp-content\/uploads\/onb-meeting-768x570.webp 768w\" sizes=\"auto, (max-width: 1200px) 100vw, 1200px\" \/>\n\n\n\n<div class=\"py-flex py-gap   \" style=\"--py-gap-value:var(--py-content-gap)\">\n<h2 class=\"py-text \">Vous avez des id\u00e9es pour simplifier les processus bureaucratiques et r\u00e9duire le fardeau r\u00e9glementaire qui p\u00e8se sur votre entreprise?\u00a0<\/h2>\n\n\n\n<p>Faites-nous-en part en remplissant <a href=\"https:\/\/forms.office.com\/Pages\/ResponsePage.aspx?id=736L4AG1Z0qe0Afji_zO58h5abtpdBlHgVTplSg1vxhUMzdFTEY1TlFYUzZTWTZUSlYzVzdCRkpWSy4u&amp;lang=fr-CA\" data-type=\"link\" data-id=\"https:\/\/forms.office.com\/Pages\/ResponsePage.aspx?id=736L4AG1Z0qe0Afji_zO58h5abtpdBlHgVTplSg1vxhUMzdFTEY1TlFYUzZTWTZUSlYzVzdCRkpWSy4u&amp;lang=fr-CA\" target=\"_blank\" rel=\"noreferrer noopener\"><strong>ce formulaire<\/strong><\/a>. Nous nous pencherons sur vos commentaires avec le minist\u00e8re, l\u2019organisme ou la soci\u00e9t\u00e9 de la Couronne comp\u00e9tent du GNB.<\/p>\n<\/div>\n<\/div>\n<\/div>\n<\/section>\n\n\n\n<section class=\"py-flex py-gap py-section py-background-color-4 \" style=\"--py-gap-value:var(--py-section-gap)\">\n<div class=\"py-container py-flex py-gap\" style=\"--py-gap-value:var(--py-container-gap)\">\n<div class=\"wp-block-piney-py-lp-card lp-card\"> <img loading=\"lazy\" decoding=\"async\" width=\"1920\" height=\"681\" src=\"https:\/\/onbcanada.ca\/wp-content\/uploads\/cta-3.webp\" class=\"lp-card__img wp-image-12068\" alt=\"cta\" srcset=\"https:\/\/onbcanada.ca\/wp-content\/uploads\/cta-3.webp 1920w, https:\/\/onbcanada.ca\/wp-content\/uploads\/cta-3-300x106.webp 300w, https:\/\/onbcanada.ca\/wp-content\/uploads\/cta-3-1024x363.webp 1024w, https:\/\/onbcanada.ca\/wp-content\/uploads\/cta-3-768x272.webp 768w, https:\/\/onbcanada.ca\/wp-content\/uploads\/cta-3-1536x545.webp 1536w\" sizes=\"auto, (max-width: 1920px) 100vw, 1920px\" \/> <div class=\"lp-card__content\" data-empty-placeholder=\"\" style=\"background:var(--py-gradient-3)\">\n<div class=\"py-flex py-gap   \" style=\"--py-gap-value:var(--py-content-gap);--py-align-items:center\">\n<h2 class=\"wp-block-heading has-text-align-center has-white-color has-text-color has-link-color wp-elements-bb8d681edbef57ea385407886ca35da9\">Laissez-nous vous guider!<\/h2>\n\n\n\n<p class=\"py-text \" style=\"--py-text-align:center;--py-max-width:526px\">Vous \u00e9prouvez-vous des difficult\u00e9s avec les r\u00e8glements, les formulaires ou les permis? Nos navigateurs d\u2019affaires sont l\u00e0 pour vous aider.<\/p>\n\n\n\n<a href=\"https:\/\/onbcanada.ca\/fr\/entreprises\/naviguer\/\" class=\"wp-block-piney-py-button-second btn btn--second\"><span>En savoir plus<\/span><\/a>\n<\/div>\n<\/div> <\/div>\n<\/div>\n<\/section>\n","protected":false},"excerpt":{"rendered":"","protected":false},"author":5,"featured_media":0,"parent":13004,"menu_order":0,"comment_status":"closed","ping_status":"closed","template":"","meta":{"_seopress_robots_primary_cat":"","_seopress_titles_title":"R\u00e9glementation concurrentielle - Opportunit\u00e9s NB","_seopress_titles_desc":"D\u00e9couvrez comment ONB r\u00e9duit la bureaucratie et garantit une r\u00e9glementation concurrentielle propice \u00e0 la croissance et \u00e0 la r\u00e9ussite des entreprises.","_seopress_robots_index":"","footnotes":""},"class_list":["post-13197","page","type-page","status-publish","hentry"],"meta_box":{"choose_posts":[]},"_links":{"self":[{"href":"https:\/\/onbcanada.ca\/fr\/wp-json\/wp\/v2\/pages\/13197","targetHints":{"allow":["GET"]}}],"collection":[{"href":"https:\/\/onbcanada.ca\/fr\/wp-json\/wp\/v2\/pages"}],"about":[{"href":"https:\/\/onbcanada.ca\/fr\/wp-json\/wp\/v2\/types\/page"}],"author":[{"embeddable":true,"href":"https:\/\/onbcanada.ca\/fr\/wp-json\/wp\/v2\/users\/5"}],"replies":[{"embeddable":true,"href":"https:\/\/onbcanada.ca\/fr\/wp-json\/wp\/v2\/comments?post=13197"}],"version-history":[{"count":5,"href":"https:\/\/onbcanada.ca\/fr\/wp-json\/wp\/v2\/pages\/13197\/revisions"}],"predecessor-version":[{"id":20456,"href":"https:\/\/onbcanada.ca\/fr\/wp-json\/wp\/v2\/pages\/13197\/revisions\/20456"}],"up":[{"embeddable":true,"href":"https:\/\/onbcanada.ca\/fr\/wp-json\/wp\/v2\/pages\/13004"}],"wp:attachment":[{"href":"https:\/\/onbcanada.ca\/fr\/wp-json\/wp\/v2\/media?parent=13197"}],"curies":[{"name":"wp","href":"https:\/\/api.w.org\/{rel}","templated":true}]}}