{"id":13206,"date":"2024-10-01T14:47:33","date_gmt":"2024-10-01T18:47:33","guid":{"rendered":"https:\/\/onbcanada.ca\/entreprises\/grow\/"},"modified":"2025-02-12T09:59:05","modified_gmt":"2025-02-12T14:59:05","slug":"croitre","status":"publish","type":"page","link":"https:\/\/onbcanada.ca\/fr\/entreprises\/croitre\/","title":{"rendered":"Cro\u00eetre"},"content":{"rendered":"\n<section class=\"py-flex py-gap py-section   hero\" style=\"--py-gap-value:var(--py-section-gap);position:relative;min-height:90vh\">\n<img loading=\"lazy\" decoding=\"async\" width=\"1920\" height=\"1080\" src=\"https:\/\/onbcanada.ca\/wp-content\/uploads\/new-masthead_op-3.jpg\" class=\"py-bg-img wp-image-20319\" style=\"z-index:1\" alt=\"new masthead op\" srcset=\"https:\/\/onbcanada.ca\/wp-content\/uploads\/new-masthead_op-3.jpg 1920w, https:\/\/onbcanada.ca\/wp-content\/uploads\/new-masthead_op-3-300x169.jpg 300w, https:\/\/onbcanada.ca\/wp-content\/uploads\/new-masthead_op-3-1024x576.jpg 1024w, https:\/\/onbcanada.ca\/wp-content\/uploads\/new-masthead_op-3-768x432.jpg 768w, https:\/\/onbcanada.ca\/wp-content\/uploads\/new-masthead_op-3-1536x864.jpg 1536w\" sizes=\"auto, (max-width: 1920px) 100vw, 1920px\" \/>\n\n\n\n<div class=\"hero-overlay overlay\" style=\"z-index:2\"><\/div>\n\n\n\n<div class=\"py-container py-flex py-gap\" style=\"--py-gap-value:var(--py-container-gap);z-index:3;--py-container-width:1600px;--py-justify-content:center\">\n<h1 class=\"py-text \" style=\"--py-text-color:white;--py-max-width:670px\">Laissez nos experts vous guider tout au long de la croissance de votre entreprise<\/h1>\n\n\n\n<p class=\"py-text \" style=\"--py-text-color:white;--py-max-width:540px\">L\u2019entrepreneuriat est l\u2019un des parcours les plus excitants et valorisants qui soient, mais ce n\u2019est pas une voie facile. Nous travaillerons \u00e0 vos c\u00f4t\u00e9s pour vous aider \u00e0 \u00e9viter les faux pas et \u00e0 optimiser la valeur de votre entreprise, et ce gratuitement.<\/p>\n\n\n\n<a href=\"https:\/\/onbcanada.ca\/fr\/entreprises\/contactez-nous\/\" class=\"wp-block-piney-py-button btn\"><span>Contactez-nous <\/span><svg xmlns=\"http:\/\/www.w3.org\/2000\/svg\" width=\"22\" height=\"22\" viewBox=\"0 0 22 22\">  <g id=\"Group_153\" data-name=\"Group 153\" transform=\"translate(-1763 -896)\">  <g id=\"Group_152\" data-name=\"Group 152\" transform=\"translate(1664.811 -2731.029) rotate(90)\">  <g id=\"Group_24\" data-name=\"Group 24\" transform=\"translate(3632.466 -114.479)\">  <path id=\"Path_206\" data-name=\"Path 206\" d=\"M3636.879-107.817l5.366-5.366,5.365,5.366\" transform=\"translate(-3636.879 113.183)\" fill=\"none\" stroke=\"#f9423a\" stroke-linecap=\"round\" stroke-linejoin=\"round\" stroke-width=\"1\"><\/path>  <path id=\"Path_207\" data-name=\"Path 207\" d=\"M3647.085-95.5v-10.713\" transform=\"translate(-3641.719 106.211)\" fill=\"none\" stroke=\"#f9423a\" stroke-linecap=\"round\" stroke-width=\"1\"><\/path>  <\/g>  <g id=\"Ellipse_3\" data-name=\"Ellipse 3\" transform=\"translate(3627.029 -120.189)\" fill=\"none\" stroke=\"#f9423a\" stroke-linecap=\"round\" stroke-linejoin=\"round\" stroke-width=\"1\">  <circle cx=\"11\" cy=\"11\" r=\"11\" stroke=\"none\"><\/circle>  <circle cx=\"11\" cy=\"11\" r=\"10.5\" fill=\"none\"><\/circle>  <\/g>  <\/g>  <\/g>  <\/svg><\/a>\n<\/div>\n<\/section>\n\n\n\n<section class=\"py-flex py-gap py-section  \" style=\"--py-gap-value:var(--py-section-gap)\">\n<div class=\"py-container py-flex py-gap\" style=\"--py-gap-value:var(--py-container-gap) * 2;--py-align-items:flex-start\"><div class=\"wp-block-wpseopress-breadcrumbs\"><nav  aria-label=\"Fil d&#039;Ariane\"><ol class=\"breadcrumb\" itemscope itemtype=\"https:\/\/schema.org\/BreadcrumbList\"><li class=\"breadcrumb-item active\" aria-current=\"page\" itemprop=\"itemListElement\" itemscope itemtype=\"https:\/\/schema.org\/ListItem\"><span itemprop=\"name\">Accueil<\/span><meta itemprop=\"position\" content=\"1\"><\/li><\/ol><\/nav><\/div>\n\n\n<h2 class=\"py-text \" style=\"--py-max-width:970px\">Nous aidons les entrepreneurs \u0153uvrant dans un environnement interentreprises qui offrent des produits ou des services exportables.<\/h2>\n\n\n\n<div data-pg-name=\"Piney Grid\" class=\"py-gap py-grid py-grid-tab-m py-grid-tab-l  \" style=\"--py-gap-value:var(--py-grid-gap);--py-grid-columns-tab-m:2;--py-grid-columns-tab-l:3;width:100%\">\n<div class=\"py-flex py-gap   \" style=\"--py-gap-value:var(--py-content-gap)\">\n<img loading=\"lazy\" decoding=\"async\" width=\"366\" height=\"327\" src=\"https:\/\/onbcanada.ca\/wp-content\/uploads\/scale.webp\" class=\"py-image wp-image-11888\" style=\"--py-height:clamp(5.6rem, calc(5.6rem + ((1vw - 0.43rem) * 4.356435643564357)), 10rem)\" alt=\"scale\" srcset=\"https:\/\/onbcanada.ca\/wp-content\/uploads\/scale.webp 366w, https:\/\/onbcanada.ca\/wp-content\/uploads\/scale-300x268.webp 300w\" sizes=\"auto, (max-width: 366px) 100vw, 366px\" \/>\n\n\n\n<div class=\"py-flex py-gap   \" style=\"--py-gap-value:var(--py-content-gap)\">\n<h3 class=\"py-text \" style=\"--py-text-color:var(--py-brand-color-2);--py-max-width:190px\">Faire cro\u00eetre une entreprise<\/h3>\n\n\n\n<p class=\"py-text \" style=\"--py-max-width:416px\">Nous savons qu\u2019il y a des risques, des efforts et des co\u00fbts associ\u00e9s \u00e0 l\u2019exploration des possibilit\u00e9s. C\u2019est pourquoi nous vous mettons en contact avec les ressources et les partenaires dont vous avez besoin pour atteindre votre prochaine \u00e9tape plus rapidement. \u00c9vitez les tracas et plongez directement dans les aspects passionnants\u00a0: la collaboration, l\u2019innovation et l\u2019atteinte de vos objectifs d\u2019affaires!<\/p>\n<\/div>\n<\/div>\n\n\n\n<div class=\"py-flex py-gap   \" style=\"--py-gap-value:var(--py-content-gap)\">\n<img loading=\"lazy\" decoding=\"async\" width=\"297\" height=\"327\" src=\"https:\/\/onbcanada.ca\/wp-content\/uploads\/explore-funds.webp\" class=\"py-image wp-image-11884\" style=\"--py-height:clamp(5.6rem, calc(5.6rem + ((1vw - 0.43rem) * 4.356435643564357)), 10rem)\" alt=\"explore funds\" srcset=\"https:\/\/onbcanada.ca\/wp-content\/uploads\/explore-funds.webp 297w, https:\/\/onbcanada.ca\/wp-content\/uploads\/explore-funds-272x300.webp 272w\" sizes=\"auto, (max-width: 297px) 100vw, 297px\" \/>\n\n\n\n<div class=\"py-flex py-gap   \" style=\"--py-gap-value:var(--py-content-gap)\">\n<h3 class=\"py-text \" style=\"--py-text-color:var(--py-brand-color-2);--py-max-width:260px\">Explorer les options de financement<\/h3>\n\n\n\n<p class=\"py-text \" style=\"--py-max-width:400px\">Nous pouvons aider les entreprises admissibles en leur offrant de l\u2019aide pour la cr\u00e9ation d\u2019emplois, l\u2019am\u00e9lioration de la productivit\u00e9, le d\u00e9veloppement des march\u00e9s et l\u2019innovation. <a href=\"https:\/\/onbcanada.ca\/fr\/entreprises\/contactez-nous\/\" data-type=\"page\" data-id=\"13006\"><strong>Communiquez avec notre \u00e9quipe<\/strong><\/a> pour en savoir davantage sur les programmes existants et les crit\u00e8res d\u2019admissibilit\u00e9.\u00a0<\/p>\n<\/div>\n<\/div>\n\n\n\n<div class=\"py-flex py-gap   \" style=\"--py-gap-value:var(--py-content-gap)\">\n<img loading=\"lazy\" decoding=\"async\" width=\"1369\" height=\"1488\" src=\"https:\/\/onbcanada.ca\/wp-content\/uploads\/talent-9_v01.png\" class=\"py-image wp-image-16568\" style=\"--py-height:clamp(5.6rem, calc(5.6rem + ((1vw - 0.43rem) * 4.356435643564357)), 10rem)\" srcset=\"https:\/\/onbcanada.ca\/wp-content\/uploads\/talent-9_v01.png 1369w, https:\/\/onbcanada.ca\/wp-content\/uploads\/talent-9_v01-276x300.png 276w, https:\/\/onbcanada.ca\/wp-content\/uploads\/talent-9_v01-942x1024.png 942w, https:\/\/onbcanada.ca\/wp-content\/uploads\/talent-9_v01-768x835.png 768w\" sizes=\"auto, (max-width: 1369px) 100vw, 1369px\" \/>\n\n\n\n<div class=\"py-flex py-gap   \" style=\"--py-gap-value:var(--py-content-gap)\">\n<h3 class=\"py-text \" style=\"--py-text-color:var(--py-brand-color-2);--py-max-width:230px\">Relever les d\u00e9fis li\u00e9s aux talents<\/h3>\n\n\n\n<p class=\"py-text \" style=\"--py-max-width:416px\">Laissez-nous \u00e9liminer l\u2019incertitude entourant l\u2019acquisition de talents et vous aider \u00e0 trouver les personnes qui feront avancer votre entreprise. Nous vous aiderons \u00e0 \u00e9laborer des solutions sur mesure pour \u00e9viter les pi\u00e8ges courants et attirer les meilleurs talents locaux, comp\u00e9tences internationales ou nouveaux dipl\u00f4m\u00e9s.<\/p>\n<\/div>\n<\/div>\n<\/div>\n<\/div>\n<\/section>\n\n\n\n<section class=\"py-flex py-gap py-section py-background-color-10 \" style=\"--py-gap-value:var(--py-section-gap);--py-bc-l:90%\">\n<div class=\"py-container py-flex py-gap\" style=\"--py-gap-value:var(--py-container-gap)\">\n<div data-pg-name=\"Piney Grid\" class=\"py-gap py-grid  py-grid-tab-l  py-grid-reverse-tab-l\" style=\"--py-gap-value:var(--py-grid-gap);--py-grid-template-columns:var(--py-grid-columns);--py-grid-columns-tab-l:minmax(0, 1fr) minmax(0, 2fr);--py-align-items:center\">\n<div class=\"py-flex py-gap   \" style=\"--py-gap-value:var(--py-content-gap);--py-align-items:flex-start\">\n<h2 class=\"py-text \" style=\"--py-text-color:var(--py-brand-color-10)\">Croissance durable\u00a0<\/h2>\n\n\n\n<div class=\"py-flex py-gap   \" style=\"--py-gap-value:var(--py-content-gap)\">\n<p>Nous encourageons et aidons les entreprises \u00e0 se pr\u00e9parer pour l\u2019avenir d\u00e8s aujourd\u2019hui. En donnant de l\u2019information et une aide personnalis\u00e9e en d\u00e9veloppement des entreprises, ONB se transforme en ressource d\u2019information et outille les entreprises pour la transition vers des activit\u00e9s durables. D\u00e9couvrez comment vous pouvez prendre de l\u2019expansion de mani\u00e8re durable.<\/p>\n\n\n\n<a href=\"https:\/\/onbcanada.ca\/fr\/entreprises\/croitre\/durabilite\/\" class=\"wp-block-piney-py-button-second btn btn--second\"><span>En savoir plus<\/span><\/a>\n<\/div>\n<\/div>\n\n\n\n<div class=\"wp-block-piney-py-three-img three-images\"> <img loading=\"lazy\" decoding=\"async\" width=\"800\" height=\"1271\" src=\"https:\/\/onbcanada.ca\/wp-content\/uploads\/sustainable-01.webp\" alt=\"sustainable 01\" class=\"wp-image-12129\" srcset=\"https:\/\/onbcanada.ca\/wp-content\/uploads\/sustainable-01.webp 800w, https:\/\/onbcanada.ca\/wp-content\/uploads\/sustainable-01-189x300.webp 189w, https:\/\/onbcanada.ca\/wp-content\/uploads\/sustainable-01-645x1024.webp 645w, https:\/\/onbcanada.ca\/wp-content\/uploads\/sustainable-01-768x1220.webp 768w\" sizes=\"auto, (max-width: 800px) 100vw, 800px\" \/> <img loading=\"lazy\" decoding=\"async\" width=\"800\" height=\"1271\" src=\"https:\/\/onbcanada.ca\/wp-content\/uploads\/sustainable-02.webp\" alt=\"sustainable 02\" class=\"wp-image-12131\" srcset=\"https:\/\/onbcanada.ca\/wp-content\/uploads\/sustainable-02.webp 800w, https:\/\/onbcanada.ca\/wp-content\/uploads\/sustainable-02-189x300.webp 189w, https:\/\/onbcanada.ca\/wp-content\/uploads\/sustainable-02-645x1024.webp 645w, https:\/\/onbcanada.ca\/wp-content\/uploads\/sustainable-02-768x1220.webp 768w\" sizes=\"auto, (max-width: 800px) 100vw, 800px\" \/> <img loading=\"lazy\" decoding=\"async\" width=\"800\" height=\"1271\" src=\"https:\/\/onbcanada.ca\/wp-content\/uploads\/sustainable-03.webp\" alt=\"sustainable 03\" class=\"wp-image-12133\" srcset=\"https:\/\/onbcanada.ca\/wp-content\/uploads\/sustainable-03.webp 800w, https:\/\/onbcanada.ca\/wp-content\/uploads\/sustainable-03-189x300.webp 189w, https:\/\/onbcanada.ca\/wp-content\/uploads\/sustainable-03-645x1024.webp 645w, https:\/\/onbcanada.ca\/wp-content\/uploads\/sustainable-03-768x1220.webp 768w\" sizes=\"auto, (max-width: 800px) 100vw, 800px\" \/> <\/div>\n<\/div>\n<\/div>\n<\/section>\n\n\n\n<section class=\"py-flex py-gap py-section py-background-gradient \" style=\"--py-gap-value:var(--py-section-gap)\">\n<div class=\"py-container py-flex py-gap\" style=\"--py-gap-value:var(--py-container-gap)\">\n<h2 class=\"py-text \" style=\"--py-text-color:var(--py-brand-color-7);--py-max-width:500px\">Regardez ce que nous avons fait pour les autres!<\/h2>\n\n\n<div style=\"--py-gap-value: var(--py-grid-gap);\" class=\"py-posts-grid py-succes-grid one-post-mobile\">\n                                            <div id=\"post-241579\" class=\"py-flex py-post-content post-241579 post type-post status-publish format-standard has-post-thumbnail hentry category-histoires-de-reussite sub-category-fabrication-de-pointe sub-category-optimiser\">\n                <p class=\"post-cat-wrapper py-post-content__cat\"><\/p>\n                                    <img decoding=\"async\" src=\"https:\/\/onbcanada.ca\/wp-content\/uploads\/img_2063-3-scaled.jpg\" class=\"py-post-content__img wp-post-image\" alt=\"img 2063\" srcset=\"https:\/\/onbcanada.ca\/wp-content\/uploads\/img_2063-3-scaled.jpg 2560w, https:\/\/onbcanada.ca\/wp-content\/uploads\/img_2063-3-300x200.jpg 300w, https:\/\/onbcanada.ca\/wp-content\/uploads\/img_2063-3-1024x683.jpg 1024w, https:\/\/onbcanada.ca\/wp-content\/uploads\/img_2063-3-768x512.jpg 768w, https:\/\/onbcanada.ca\/wp-content\/uploads\/img_2063-3-1536x1024.jpg 1536w, https:\/\/onbcanada.ca\/wp-content\/uploads\/img_2063-3-2048x1365.jpg 2048w\" sizes=\"(max-width: 2560px) 100vw, 2560px\" \/>                                                <div class=\"py-succes-grid__content\">\n                    <h2 class=\"py-post-content__title\">L\u2019innovation, moteur de la croissance d\u2019un fabricant n\u00e9o-brunswickois de portes et fen\u00eatres<\/h2>\n                    <div class=\"py-succes-grid__exc-arrrow\">\n                        <p>Depuis&nbsp;68&nbsp;ans,&nbsp;G.R. Th\u00e9riault Ltd. (T-RIO)&nbsp;est un pilier de l\u2019industrie manufacturi\u00e8re dans le nord du Nouveau-Brunswick. Malgr\u00e9 des d\u00e9buts modestes, cette entreprise familiale, fond\u00e9e par George et Parise&nbsp;Th\u00e9riault, a grandi pour devenir [&hellip;]<\/p>\n<a href=\"https:\/\/onbcanada.ca\/fr\/linnovation-moteur-de-la-croissance-dun-fabricant-neo-brunswickois-de-portes-et-fenetres\/\" class=\"py-post-content__link\"><svg xmlns=\"http:\/\/www.w3.org\/2000\/svg\" width=\"44\" height=\"44\" viewBox=\"0 0 22 22\" class=\"py-post-content__link-icon\"> \n                                <g id=\"Group_153\" data-name=\"Group 153\" transform=\"translate(-1763 -896)\"> \n                                    <g id=\"Group_152\" data-name=\"Group 152\" transform=\"translate(1664.811 -2731.029) rotate(90)\"> \n                                        <g id=\"Group_24\" data-name=\"Group 24\" transform=\"translate(3632.466 -114.479)\"> \n                                            <path id=\"Path_206\" data-name=\"Path 206\" d=\"M3636.879-107.817l5.366-5.366,5.365,5.366\" transform=\"translate(-3636.879 113.183)\" fill=\"none\" stroke=\"white\" stroke-linecap=\"round\" stroke-linejoin=\"round\" stroke-width=\"1\"\/> \n                                            <path id=\"Path_207\" data-name=\"Path 207\" d=\"M3647.085-95.5v-10.713\" transform=\"translate(-3641.719 106.211)\" fill=\"none\" stroke=\"white\" stroke-linecap=\"round\" stroke-width=\"1\"\/> \n                                        <\/g>                                         \n                                        <g id=\"Ellipse_3\" data-name=\"Ellipse 3\" transform=\"translate(3627.029 -120.189)\" fill=\"none\" stroke=\"white\" stroke-linecap=\"round\" stroke-linejoin=\"round\" stroke-width=\"1\"> \n                                            <circle cx=\"11\" cy=\"11\" r=\"11\" stroke=\"none\"\/> \n                                            <circle cx=\"11\" cy=\"11\" r=\"10.5\" fill=\"none\"\/> \n                                        <\/g>                                         \n                                    <\/g>                                     \n                                <\/g>                                 \n                            <\/svg><\/a>\n                    <\/div>\n                <\/div>\n            <\/div>\n                                <div id=\"post-237318\" class=\"py-flex py-post-content post-237318 post type-post status-publish format-standard has-post-thumbnail hentry category-histoires-de-reussite sub-category-developpement-a-lexportation\">\n                <p class=\"post-cat-wrapper py-post-content__cat\"><\/p>\n                                    <img decoding=\"async\" src=\"https:\/\/onbcanada.ca\/wp-content\/uploads\/andermatt-gap-export-awards-3.jpg\" class=\"py-post-content__img wp-post-image\" alt=\"andermatt &amp; gap export awards\" srcset=\"https:\/\/onbcanada.ca\/wp-content\/uploads\/andermatt-gap-export-awards-3.jpg 1920w, https:\/\/onbcanada.ca\/wp-content\/uploads\/andermatt-gap-export-awards-3-300x169.jpg 300w, https:\/\/onbcanada.ca\/wp-content\/uploads\/andermatt-gap-export-awards-3-1024x576.jpg 1024w, https:\/\/onbcanada.ca\/wp-content\/uploads\/andermatt-gap-export-awards-3-768x432.jpg 768w, https:\/\/onbcanada.ca\/wp-content\/uploads\/andermatt-gap-export-awards-3-1536x864.jpg 1536w\" sizes=\"(max-width: 1920px) 100vw, 1920px\" \/>                                                <div class=\"py-succes-grid__content\">\n                    <h2 class=\"py-post-content__title\">GAP Professional Products et Andermatt Canada \u2013 Laur\u00e9ats des Prix de l\u2019exportation du Nouveau-Brunswick<\/h2>\n                    <div class=\"py-succes-grid__exc-arrrow\">\n                        <p>Au printemps dernier, deux entreprises de classe mondiale au Nouveau-Brunswick ont \u00e9t\u00e9 \u00e0 l\u2019honneur lors du gala des&nbsp;Prix de l\u2019exportation du Nouveau-Brunswick&nbsp;2025 au cours duquel elles ont \u00e9t\u00e9 reconnues non [&hellip;]<\/p>\n<a href=\"https:\/\/onbcanada.ca\/fr\/gap-professional-products-et-andermatt-canada-laureats-des-prix-de-lexportation-du-nouveau-brunswick\/\" class=\"py-post-content__link\"><svg xmlns=\"http:\/\/www.w3.org\/2000\/svg\" width=\"44\" height=\"44\" viewBox=\"0 0 22 22\" class=\"py-post-content__link-icon\"> \n                                <g id=\"Group_153\" data-name=\"Group 153\" transform=\"translate(-1763 -896)\"> \n                                    <g id=\"Group_152\" data-name=\"Group 152\" transform=\"translate(1664.811 -2731.029) rotate(90)\"> \n                                        <g id=\"Group_24\" data-name=\"Group 24\" transform=\"translate(3632.466 -114.479)\"> \n                                            <path id=\"Path_206\" data-name=\"Path 206\" d=\"M3636.879-107.817l5.366-5.366,5.365,5.366\" transform=\"translate(-3636.879 113.183)\" fill=\"none\" stroke=\"white\" stroke-linecap=\"round\" stroke-linejoin=\"round\" stroke-width=\"1\"\/> \n                                            <path id=\"Path_207\" data-name=\"Path 207\" d=\"M3647.085-95.5v-10.713\" transform=\"translate(-3641.719 106.211)\" fill=\"none\" stroke=\"white\" stroke-linecap=\"round\" stroke-width=\"1\"\/> \n                                        <\/g>                                         \n                                        <g id=\"Ellipse_3\" data-name=\"Ellipse 3\" transform=\"translate(3627.029 -120.189)\" fill=\"none\" stroke=\"white\" stroke-linecap=\"round\" stroke-linejoin=\"round\" stroke-width=\"1\"> \n                                            <circle cx=\"11\" cy=\"11\" r=\"11\" stroke=\"none\"\/> \n                                            <circle cx=\"11\" cy=\"11\" r=\"10.5\" fill=\"none\"\/> \n                                        <\/g>                                         \n                                    <\/g>                                     \n                                <\/g>                                 \n                            <\/svg><\/a>\n                    <\/div>\n                <\/div>\n            <\/div>\n                                <div id=\"post-233233\" class=\"py-flex py-post-content post-233233 post type-post status-publish format-standard has-post-thumbnail hentry category-histoires-de-reussite tag-exportation sub-category-developpement-a-lexportation\">\n                <p class=\"post-cat-wrapper py-post-content__cat\"><\/p>\n                                    <img decoding=\"async\" src=\"https:\/\/onbcanada.ca\/wp-content\/uploads\/onb-996.jpg\" class=\"py-post-content__img wp-post-image\" alt=\"Ganong Bros, Ltd.\" srcset=\"https:\/\/onbcanada.ca\/wp-content\/uploads\/onb-996.jpg 1800w, https:\/\/onbcanada.ca\/wp-content\/uploads\/onb-996-300x200.jpg 300w, https:\/\/onbcanada.ca\/wp-content\/uploads\/onb-996-1024x683.jpg 1024w, https:\/\/onbcanada.ca\/wp-content\/uploads\/onb-996-768x512.jpg 768w, https:\/\/onbcanada.ca\/wp-content\/uploads\/onb-996-1536x1024.jpg 1536w\" sizes=\"(max-width: 1800px) 100vw, 1800px\" \/>                                                <div class=\"py-succes-grid__content\">\n                    <h2 class=\"py-post-content__title\">Ganong\u00a0: diversification mondiale et les femmes dans le domaine de l\u2019exportation\u00a0\u2013\u00a0Laur\u00e9ats des Prix de l\u2019exportation du N.-B.<\/h2>\n                    <div class=\"py-succes-grid__exc-arrrow\">\n                        <p>Temps de lecture: 4 minutes Depuis plus de 150&nbsp;ans,&nbsp;Ganong Bros&nbsp;fabrique des chocolats et des confiseries de classe mondiale \u00e0 St.&nbsp;Stephen, au Nouveau-Brunswick, b\u00e2tissant ainsi un h\u00e9ritage qui s\u2019\u00e9tend sur cinq [&hellip;]<\/p>\n<a href=\"https:\/\/onbcanada.ca\/fr\/ganong-diversification-mondiale-et-place-occupee-par-les-femmes-dans-le-domaine-de-lexportation-laureats-des-prix-de-lexportation-du-nouveau-brunswick\/\" class=\"py-post-content__link\"><svg xmlns=\"http:\/\/www.w3.org\/2000\/svg\" width=\"44\" height=\"44\" viewBox=\"0 0 22 22\" class=\"py-post-content__link-icon\"> \n                                <g id=\"Group_153\" data-name=\"Group 153\" transform=\"translate(-1763 -896)\"> \n                                    <g id=\"Group_152\" data-name=\"Group 152\" transform=\"translate(1664.811 -2731.029) rotate(90)\"> \n                                        <g id=\"Group_24\" data-name=\"Group 24\" transform=\"translate(3632.466 -114.479)\"> \n                                            <path id=\"Path_206\" data-name=\"Path 206\" d=\"M3636.879-107.817l5.366-5.366,5.365,5.366\" transform=\"translate(-3636.879 113.183)\" fill=\"none\" stroke=\"white\" stroke-linecap=\"round\" stroke-linejoin=\"round\" stroke-width=\"1\"\/> \n                                            <path id=\"Path_207\" data-name=\"Path 207\" d=\"M3647.085-95.5v-10.713\" transform=\"translate(-3641.719 106.211)\" fill=\"none\" stroke=\"white\" stroke-linecap=\"round\" stroke-width=\"1\"\/> \n                                        <\/g>                                         \n                                        <g id=\"Ellipse_3\" data-name=\"Ellipse 3\" transform=\"translate(3627.029 -120.189)\" fill=\"none\" stroke=\"white\" stroke-linecap=\"round\" stroke-linejoin=\"round\" stroke-width=\"1\"> \n                                            <circle cx=\"11\" cy=\"11\" r=\"11\" stroke=\"none\"\/> \n                                            <circle cx=\"11\" cy=\"11\" r=\"10.5\" fill=\"none\"\/> \n                                        <\/g>                                         \n                                    <\/g>                                     \n                                <\/g>                                 \n                            <\/svg><\/a>\n                    <\/div>\n                <\/div>\n            <\/div>\n                    <\/div>\n\n\n<a href=\"https:\/\/onbcanada.ca\/fr\/entreprises\/nouvelles\/\" class=\"wp-block-piney-py-button-second btn btn--second\" style=\"margin:0 0 0 auto\"><span>Tout voir<\/span><\/a>\n<\/div>\n<\/section>\n\n\n\n<section class=\"py-flex py-gap py-section py-background-color-4 \" style=\"--py-gap-value:var(--py-section-gap)\">\n<div class=\"py-container py-flex py-gap\" style=\"--py-gap-value:var(--py-container-gap)\">\n<div class=\"wp-block-piney-py-lp-card lp-card\"> <img loading=\"lazy\" decoding=\"async\" width=\"2500\" height=\"840\" src=\"https:\/\/onbcanada.ca\/wp-content\/uploads\/grow-done-growing-for-now-its-time-to-optimize-2.jpg\" class=\"lp-card__img wp-image-19176\" srcset=\"https:\/\/onbcanada.ca\/wp-content\/uploads\/grow-done-growing-for-now-its-time-to-optimize-2.jpg 2500w, https:\/\/onbcanada.ca\/wp-content\/uploads\/grow-done-growing-for-now-its-time-to-optimize-2-300x101.jpg 300w, https:\/\/onbcanada.ca\/wp-content\/uploads\/grow-done-growing-for-now-its-time-to-optimize-2-1024x344.jpg 1024w, https:\/\/onbcanada.ca\/wp-content\/uploads\/grow-done-growing-for-now-its-time-to-optimize-2-768x258.jpg 768w, https:\/\/onbcanada.ca\/wp-content\/uploads\/grow-done-growing-for-now-its-time-to-optimize-2-1536x516.jpg 1536w, https:\/\/onbcanada.ca\/wp-content\/uploads\/grow-done-growing-for-now-its-time-to-optimize-2-2048x688.jpg 2048w\" sizes=\"auto, (max-width: 2500px) 100vw, 2500px\" \/> <div class=\"lp-card__content\" data-empty-placeholder=\"\" style=\"background:var(--py-gradient-3)\">\n<div class=\"py-flex py-gap   \" style=\"--py-gap-value:var(--py-content-gap);--py-align-items:center\">\n<h2 class=\"wp-block-heading has-text-align-center has-white-color has-text-color has-link-color wp-elements-3d84fa5019f7c19c07786c2d24d5599f\">Votre croissance est termin\u00e9e pour le moment?<br>C\u2019est le moment d\u2019optimiser!<\/h2>\n\n\n\n<p class=\"py-text \" style=\"--py-text-align:center;--py-max-width:526px\">Nous pouvons vous aider \u00e0 explorer des solutions d\u2019approvisionnement au Nouveau-Brunswick qui augmenteront vos revenus et votre croissance.<\/p>\n\n\n\n<a href=\"https:\/\/onbcanada.ca\/fr\/entreprises\/optimiser\/\" class=\"wp-block-piney-py-button-second btn btn--second\"><span>En savoir plus<\/span><\/a>\n<\/div>\n<\/div> <\/div>\n<\/div>\n<\/section>\n","protected":false},"excerpt":{"rendered":"","protected":false},"author":5,"featured_media":0,"parent":13002,"menu_order":0,"comment_status":"closed","ping_status":"closed","template":"","meta":{"_seopress_robots_primary_cat":"","_seopress_titles_title":"D\u00e9veloppez votre entreprise - Opportunit\u00e9s NB","_seopress_titles_desc":"ONB offre aux entreprises du Nouveau-Brunswick des strat\u00e9gies de croissance et de durabilit\u00e9, du financement et du soutien aux talents. Pourquoi h\u00e9siter?","_seopress_robots_index":"","footnotes":""},"class_list":["post-13206","page","type-page","status-publish","hentry"],"meta_box":{"choose_posts":[]},"_links":{"self":[{"href":"https:\/\/onbcanada.ca\/fr\/wp-json\/wp\/v2\/pages\/13206","targetHints":{"allow":["GET"]}}],"collection":[{"href":"https:\/\/onbcanada.ca\/fr\/wp-json\/wp\/v2\/pages"}],"about":[{"href":"https:\/\/onbcanada.ca\/fr\/wp-json\/wp\/v2\/types\/page"}],"author":[{"embeddable":true,"href":"https:\/\/onbcanada.ca\/fr\/wp-json\/wp\/v2\/users\/5"}],"replies":[{"embeddable":true,"href":"https:\/\/onbcanada.ca\/fr\/wp-json\/wp\/v2\/comments?post=13206"}],"version-history":[{"count":5,"href":"https:\/\/onbcanada.ca\/fr\/wp-json\/wp\/v2\/pages\/13206\/revisions"}],"predecessor-version":[{"id":20321,"href":"https:\/\/onbcanada.ca\/fr\/wp-json\/wp\/v2\/pages\/13206\/revisions\/20321"}],"up":[{"embeddable":true,"href":"https:\/\/onbcanada.ca\/fr\/wp-json\/wp\/v2\/pages\/13002"}],"wp:attachment":[{"href":"https:\/\/onbcanada.ca\/fr\/wp-json\/wp\/v2\/media?parent=13206"}],"curies":[{"name":"wp","href":"https:\/\/api.w.org\/{rel}","templated":true}]}}