{"id":14666,"date":"2024-12-18T14:37:06","date_gmt":"2024-12-18T19:37:06","guid":{"rendered":"https:\/\/onbcanada.ca\/entreprises\/naviguer\/regional-service-commissions\/"},"modified":"2025-02-07T11:52:19","modified_gmt":"2025-02-07T16:52:19","slug":"commissions-de-services-regionaux","status":"publish","type":"page","link":"https:\/\/onbcanada.ca\/fr\/entreprises\/naviguer\/commissions-de-services-regionaux\/","title":{"rendered":"Regional Service Commissions"},"content":{"rendered":"\n<section class=\"py-flex py-gap py-section  \" style=\"--py-gap-value:var(--py-section-gap)\">\n<div class=\"py-container py-flex py-gap\" style=\"--py-gap-value:var(--py-container-gap) * 2\"><div class=\"wp-block-wpseopress-breadcrumbs\"><nav  aria-label=\"Fil d&#039;Ariane\"><ol class=\"breadcrumb\" itemscope itemtype=\"https:\/\/schema.org\/BreadcrumbList\"><li class=\"breadcrumb-item active\" aria-current=\"page\" itemprop=\"itemListElement\" itemscope itemtype=\"https:\/\/schema.org\/ListItem\"><span itemprop=\"name\">Accueil<\/span><meta itemprop=\"position\" content=\"1\"><\/li><\/ol><\/nav><\/div>\n\n\n<div class=\"py-flex py-gap   \" style=\"--py-gap-value:var(--py-content-gap)\">\n<h1 class=\"py-text \" style=\"--py-text-color:var(--py-brand-color-2);--py-max-width:500px\">Commissions de services r\u00e9gionaux<\/h1>\n\n\n\n<p class=\"py-text \" style=\"--py-max-width:900px\">Les commissions de services r\u00e9gionaux (CSR) ont vu le jour le 1\u1d49\u02b3 janvier 2013. Elles ont d\u2019abord re\u00e7u comme mandat d\u2019offrir des services de gestion des d\u00e9chets solides et de planification. Depuis le 1\u1d49\u02b3 janvier 2023, elles se sont vu confier de nouveaux services : d\u00e9veloppement \u00e9conomique (y compris le d\u00e9veloppement de la main-d\u2019\u0153uvre), promotion du tourisme, d\u00e9veloppement communautaire, transport r\u00e9gional (transport communautaire) et partage des co\u00fbts des infrastructures r\u00e9gionales. Les CSR ont d\u00e9montr\u00e9 au fil des ans que les r\u00e9sidents b\u00e9n\u00e9ficient d\u2019un plus grand degr\u00e9 de collaboration r\u00e9gionale. La r\u00e9forme de la gouvernance locale reconna\u00eet que la meilleure approche pour progresser partout dans la province est de confier aux CSR un mandat plus large, c\u2019est-\u00e0-dire un mandat qui n\u00e9cessite que les \u00e9lus et les dirigeants \u00e9laborent une vision r\u00e9gionale et une approche uniforme pour saisir les occasions et relever les d\u00e9fis.<\/p>\n<\/div>\n\n\n\n<a href=\"https:\/\/www2.gnb.ca\/content\/dam\/gnb\/Departments\/lg-gl\/pdf\/Plan\/RSC-CSR.pdf\" class=\"wp-block-piney-py-button-second btn btn--second\" target=\"_blank\" rel=\"noopener\"><span>En savoir plus<\/span><\/a>\n<\/div>\n<\/section>\n","protected":false},"excerpt":{"rendered":"","protected":false},"author":5,"featured_media":0,"parent":13004,"menu_order":0,"comment_status":"closed","ping_status":"closed","template":"","meta":{"_seopress_robots_primary_cat":"","_seopress_titles_title":"Commissions de services r\u00e9gionaux - Opportunit\u00e9s NB","_seopress_titles_desc":"Les commissions de services r\u00e9gionaux du Nouveau-Brunswick stimulent la croissance \u00e9conomique, la collaboration r\u00e9gionale et le d\u00e9veloppement communautaire.","_seopress_robots_index":"","footnotes":""},"class_list":["post-14666","page","type-page","status-publish","hentry"],"meta_box":{"choose_posts":[]},"_links":{"self":[{"href":"https:\/\/onbcanada.ca\/fr\/wp-json\/wp\/v2\/pages\/14666","targetHints":{"allow":["GET"]}}],"collection":[{"href":"https:\/\/onbcanada.ca\/fr\/wp-json\/wp\/v2\/pages"}],"about":[{"href":"https:\/\/onbcanada.ca\/fr\/wp-json\/wp\/v2\/types\/page"}],"author":[{"embeddable":true,"href":"https:\/\/onbcanada.ca\/fr\/wp-json\/wp\/v2\/users\/5"}],"replies":[{"embeddable":true,"href":"https:\/\/onbcanada.ca\/fr\/wp-json\/wp\/v2\/comments?post=14666"}],"version-history":[{"count":5,"href":"https:\/\/onbcanada.ca\/fr\/wp-json\/wp\/v2\/pages\/14666\/revisions"}],"predecessor-version":[{"id":20065,"href":"https:\/\/onbcanada.ca\/fr\/wp-json\/wp\/v2\/pages\/14666\/revisions\/20065"}],"up":[{"embeddable":true,"href":"https:\/\/onbcanada.ca\/fr\/wp-json\/wp\/v2\/pages\/13004"}],"wp:attachment":[{"href":"https:\/\/onbcanada.ca\/fr\/wp-json\/wp\/v2\/media?parent=14666"}],"curies":[{"name":"wp","href":"https:\/\/api.w.org\/{rel}","templated":true}]}}