{"id":14765,"date":"2024-10-23T08:28:39","date_gmt":"2024-10-23T12:28:39","guid":{"rendered":"https:\/\/onbcanada.ca\/entreprises\/feedback-form\/"},"modified":"2025-01-28T15:12:18","modified_gmt":"2025-01-28T20:12:18","slug":"formulaire-de-commentaires","status":"publish","type":"page","link":"https:\/\/onbcanada.ca\/fr\/entreprises\/formulaire-de-commentaires\/","title":{"rendered":"Formulaire de commentaires"},"content":{"rendered":"\n<section class=\"py-flex py-gap py-section  \" style=\"--py-gap-value:var(--py-section-gap)\">\n<div class=\"py-container py-flex py-gap\" style=\"--py-gap-value:var(--py-container-gap);--py-container-width:1200px\"><div class=\"wp-block-wpseopress-breadcrumbs\"><nav  aria-label=\"Fil d&#039;Ariane\"><ol class=\"breadcrumb\" itemscope itemtype=\"https:\/\/schema.org\/BreadcrumbList\"><li class=\"breadcrumb-item active\" aria-current=\"page\" itemprop=\"itemListElement\" itemscope itemtype=\"https:\/\/schema.org\/ListItem\"><span itemprop=\"name\">Accueil<\/span><meta itemprop=\"position\" content=\"1\"><\/li><\/ol><\/nav><\/div>\n\n\n<div href=\"#\" class=\"wp-block-piney-py-card-3 py-card-3\" style=\"background:var(--py-brand-color-4);padding:4rem clamp(2rem, calc(2rem + ((1vw - 0.43rem) * 7.920792079207921)), 10rem)\">  <div data-empty-placeholder=\"\" class=\"py-card-1__content\">\n<div class=\"py-flex py-gap   \" style=\"--py-gap-value:var(--py-content-gap);--py-align-items:center\">\n<h1 class=\"wp-block-heading has-brand-2-color has-text-color has-link-color wp-elements-d899b466922addf85700dd06b36a5447\">Formulaire de commentaires sur la bureaucratie<\/h1>\n<\/div>\n\n\n\n<p>Bien que la r\u00e9glementation joue un r\u00f4le crucial dans l\u2019atteinte des objectifs soci\u00e9taux et le maintien de l\u2019ordre, la bureaucratie excessive peut poser d\u2019importantes difficult\u00e9s et faire grimper les co\u00fbts pour les entreprises qui font des affaires au Nouveau-Brunswick.<\/p>\n\n\n\n<p>Le <em><strong><mark style=\"background-color:rgba(0, 0, 0, 0)\" class=\"has-inline-color has-brand-2-color\">Formulaire de commentaires sur la bureaucratie<\/mark><\/strong> <\/em>permet aux entreprises de faire part directement au gouvernement du Nouveau-Brunswick de leurs exp\u00e9riences et de leurs pr\u00e9occupations entourant le fardeau r\u00e9glementaire.<\/p>\n\n\n\n<p>La bureaucratie comprend toute r\u00e9glementation ou exigence obligatoire impos\u00e9e aux entreprises qui n\u2019atteint pas le but vis\u00e9 ou qui l\u2019atteint, mais de fa\u00e7on inefficace. Sont compris les lois, les politiques, les processus, les formulaires et les autres mesures r\u00e9glementaires.&nbsp;<\/p>\n\n\n\n<p>ONB prendra connaissance de <strong><em><mark style=\"background-color:rgba(0, 0, 0, 0)\" class=\"has-inline-color has-brand-2-color\">tous les formulaires soumis<\/mark><\/em><\/strong>. Les questions pertinentes feront l\u2019objet d\u2019une enqu\u00eate en collaboration avec le minist\u00e8re ou l\u2019organisme provincial comp\u00e9tent. Vos commentaires sont indispensables \u00e0 notre action visant \u00e0 cr\u00e9er un environnement r\u00e9glementaire plus concurrentiel pour les entreprises du Nouveau-Brunswick.<\/p>\n\n\n\n<p>Si vous avez fait face \u00e0 un obstacle dans une autre province ou un territoire qui vous a emp\u00each\u00e9 d\u2019y travailler, d\u2019y d\u00e9placer des biens, d\u2019y faire des investissements ou d\u2019y fournir des services, nous vous encourageons \u00e0 communiquer vos exp\u00e9riences ici. Nous \u00e9tudierons les obstacles que vous avez \u00e9prouv\u00e9s avec la Division de la politique d\u2019expansion du commerce des Affaires intergouvernementales.<\/p>\n\n\n<script type=\"text\/javascript\">\n\/* <![CDATA[ *\/\nvar gform;gform||(document.addEventListener(\"gform_main_scripts_loaded\",function(){gform.scriptsLoaded=!0}),document.addEventListener(\"gform\/theme\/scripts_loaded\",function(){gform.themeScriptsLoaded=!0}),window.addEventListener(\"DOMContentLoaded\",function(){gform.domLoaded=!0}),gform={domLoaded:!1,scriptsLoaded:!1,themeScriptsLoaded:!1,isFormEditor:()=>\"function\"==typeof InitializeEditor,callIfLoaded:function(o){return!(!gform.domLoaded||!gform.scriptsLoaded||!gform.themeScriptsLoaded&&!gform.isFormEditor()||(gform.isFormEditor()&&console.warn(\"The use of gform.initializeOnLoaded() is deprecated in the form editor context and will be removed in Gravity Forms 3.1.\"),o(),0))},initializeOnLoaded:function(o){gform.callIfLoaded(o)||(document.addEventListener(\"gform_main_scripts_loaded\",()=>{gform.scriptsLoaded=!0,gform.callIfLoaded(o)}),document.addEventListener(\"gform\/theme\/scripts_loaded\",()=>{gform.themeScriptsLoaded=!0,gform.callIfLoaded(o)}),window.addEventListener(\"DOMContentLoaded\",()=>{gform.domLoaded=!0,gform.callIfLoaded(o)}))},hooks:{action:{},filter:{}},addAction:function(o,r,e,t){gform.addHook(\"action\",o,r,e,t)},addFilter:function(o,r,e,t){gform.addHook(\"filter\",o,r,e,t)},doAction:function(o){gform.doHook(\"action\",o,arguments)},applyFilters:function(o){return gform.doHook(\"filter\",o,arguments)},removeAction:function(o,r){gform.removeHook(\"action\",o,r)},removeFilter:function(o,r,e){gform.removeHook(\"filter\",o,r,e)},addHook:function(o,r,e,t,n){null==gform.hooks[o][r]&&(gform.hooks[o][r]=[]);var d=gform.hooks[o][r];null==n&&(n=r+\"_\"+d.length),gform.hooks[o][r].push({tag:n,callable:e,priority:t=null==t?10:t})},doHook:function(r,o,e){var t;if(e=Array.prototype.slice.call(e,1),null!=gform.hooks[r][o]&&((o=gform.hooks[r][o]).sort(function(o,r){return o.priority-r.priority}),o.forEach(function(o){\"function\"!=typeof(t=o.callable)&&(t=window[t]),\"action\"==r?t.apply(null,e):e[0]=t.apply(null,e)})),\"filter\"==r)return e[0]},removeHook:function(o,r,t,n){var e;null!=gform.hooks[o][r]&&(e=(e=gform.hooks[o][r]).filter(function(o,r,e){return!!(null!=n&&n!=o.tag||null!=t&&t!=o.priority)}),gform.hooks[o][r]=e)}});\n\/* ]]> *\/\n<\/script>\n\n                <div class='gf_browser_gecko gform_wrapper gravity-theme gform-theme--no-framework' data-form-theme='gravity-theme' data-form-index='0' id='gform_wrapper_4' ><form method='post' enctype='multipart\/form-data'  id='gform_4'  action='\/fr\/wp-json\/wp\/v2\/pages\/14765' data-formid='4' novalidate>\n                        <div class='gform-body gform_body'><div id='gform_fields_4' class='gform_fields top_label form_sublabel_below description_below validation_below'><div id=\"field_4_10\" class=\"gfield gfield--type-honeypot gform_validation_container field_sublabel_below gfield--has-description field_description_below field_validation_below gfield_visibility_visible\"  ><label class='gfield_label gform-field-label' for='input_4_10'>Name<\/label><div class='ginput_container'><input name='input_10' id='input_4_10' type='text' value='' autocomplete='new-password'\/><\/div><div class='gfield_description' id='gfield_description_4_10'>Ce champ n\u2019est utilis\u00e9 qu\u2019\u00e0 des fins de validation et devrait rester inchang\u00e9.<\/div><\/div><div id=\"field_4_1\" class=\"gfield gfield--type-textarea gfield--input-type-textarea field_sublabel_below gfield--no-description field_description_below field_validation_below gfield_visibility_visible\"  ><label class='gfield_label gform-field-label' for='input_4_1'>Sur quelle r\u00e9glementation, proc\u00e9dure, formulaire ou autre obstacle sp\u00e9cifique du gouvernement souhaiteriez-vous donner votre avis ?<\/label><div class='ginput_container ginput_container_textarea'><textarea name='input_1' id='input_4_1' class='textarea small'    placeholder='Ins\u00e9rez votre r\u00e9ponse ici*'  aria-invalid=\"false\"   rows='10' cols='50'><\/textarea><\/div><\/div><div id=\"field_4_3\" class=\"gfield gfield--type-textarea gfield--input-type-textarea gfield--width-full field_sublabel_below gfield--no-description field_description_below field_validation_below gfield_visibility_visible\"  ><label class='gfield_label gform-field-label' for='input_4_3'>Quel est le probl\u00e8me? <\/label><div class='ginput_container ginput_container_textarea'><textarea name='input_3' id='input_4_3' class='textarea small'    placeholder='Ins\u00e9rez votre r\u00e9ponse ici*'  aria-invalid=\"false\"   rows='10' cols='50'><\/textarea><\/div><\/div><div id=\"field_4_4\" class=\"gfield gfield--type-textarea gfield--input-type-textarea gfield--width-full field_sublabel_below gfield--no-description field_description_below field_validation_below gfield_visibility_visible\"  ><label class='gfield_label gform-field-label' for='input_4_4'>Comment la situation pourrait-elle \u00eatre am\u00e9lior\u00e9e?<\/label><div class='ginput_container ginput_container_textarea'><textarea name='input_4' id='input_4_4' class='textarea small'    placeholder='Ins\u00e9rez votre r\u00e9ponse ici*'  aria-invalid=\"false\"   rows='10' cols='50'><\/textarea><\/div><\/div><div id=\"field_4_9\" class=\"gfield gfield--type-html gfield--input-type-html gfield--width-full gfield_html gfield_html_formatted gfield_no_follows_desc field_sublabel_below gfield--no-description field_description_below field_validation_below gfield_visibility_visible\"  ><label>Si vous souhaitez qu\u2019ONB fasse un suivi avec vous, veuillez indiquer les renseignements suivants :<\/label><\/div><div id=\"field_4_5\" class=\"gfield gfield--type-text gfield--input-type-text gfield--width-half field_sublabel_below gfield--no-description field_description_below hidden_label field_validation_below gfield_visibility_visible\"  ><label class='gfield_label gform-field-label' for='input_4_5'>Pr\u00e9nom<\/label><div class='ginput_container ginput_container_text'><input name='input_5' id='input_4_5' type='text' value='' class='large'    placeholder='Pr\u00e9nom'  aria-invalid=\"false\"   \/><\/div><\/div><div id=\"field_4_6\" class=\"gfield gfield--type-text gfield--input-type-text gfield--width-half field_sublabel_below gfield--no-description field_description_below hidden_label field_validation_below gfield_visibility_visible\"  ><label class='gfield_label gform-field-label' for='input_4_6'>Nom<\/label><div class='ginput_container ginput_container_text'><input name='input_6' id='input_4_6' type='text' value='' class='large'    placeholder='Nom'  aria-invalid=\"false\"   \/><\/div><\/div><div id=\"field_4_7\" class=\"gfield gfield--type-email gfield--input-type-email gfield--width-half field_sublabel_below gfield--no-description field_description_below hidden_label field_validation_below gfield_visibility_visible\"  ><label class='gfield_label gform-field-label' for='input_4_7'>Adresse \u00e9lectronique<\/label><div class='ginput_container ginput_container_email'>\n                            <input name='input_7' id='input_4_7' type='email' value='' class='large'   placeholder='Adresse \u00e9lectronique'  aria-invalid=\"false\"  \/>\n                        <\/div><\/div><div id=\"field_4_8\" class=\"gfield gfield--type-phone gfield--input-type-phone gfield--width-half field_sublabel_below gfield--no-description field_description_below hidden_label field_validation_below gfield_visibility_visible\"  ><label class='gfield_label gform-field-label' for='input_4_8'>Num\u00e9ro de t\u00e9l\u00e9phone<\/label><div class='ginput_container ginput_container_phone'><input name='input_8' id='input_4_8' type='tel' value='' class='large'  placeholder='Num\u00e9ro de t\u00e9l\u00e9phone'  aria-invalid=\"false\"   \/><\/div><\/div><\/div><\/div>\n        <div class='gform-footer gform_footer top_label'> <button id=\"gform_submit_button_4\" type=\"submit\" class=\"gform_button button\" onclick=\"gform.submission.handleButtonClick(this);\">Envoyer un retour d&#039;information<\/button> \n            <input type='hidden' class='gform_hidden' name='gform_submission_method' data-js='gform_submission_method_4' value='postback' \/>\n            <input type='hidden' class='gform_hidden' name='gform_theme' data-js='gform_theme_4' id='gform_theme_4' value='gravity-theme' \/>\n            <input type='hidden' class='gform_hidden' name='gform_style_settings' data-js='gform_style_settings_4' id='gform_style_settings_4' value='{&quot;inputPrimaryColor&quot;:&quot;#204ce5&quot;}' \/>\n            <input type='hidden' class='gform_hidden' name='is_submit_4' value='1' \/>\n            <input type='hidden' class='gform_hidden' name='gform_submit' value='4' \/>\n            \n            <input type='hidden' class='gform_hidden' name='gform_currency' data-currency='CAD' value='BKShxEzqDBH1MUwmpl8oeaaNVuvYDXptc7NYiJek7pYkWE\/5NZVzw77\/k4YlSKlrMaKI\/3htoxtgO8kQ9Q6wxHq4Bx+WuIOzaY1RXdrQTvxbSoA=' \/>\n            <input type='hidden' class='gform_hidden' name='gform_unique_id' value='' \/>\n            <input type='hidden' class='gform_hidden' name='state_4' value='WyJbXSIsIjI4OTQ2NWM0ZTYyODhiZTdmOTg4Y2ZjZjQ3Yzk2OWQwIl0=' \/>\n            <input type='hidden' autocomplete='off' class='gform_hidden' name='gform_target_page_number_4' id='gform_target_page_number_4' value='0' \/>\n            <input type='hidden' autocomplete='off' class='gform_hidden' name='gform_source_page_number_4' id='gform_source_page_number_4' value='1' \/>\n            <input type='hidden' name='gform_field_values' value='' \/>\n            \n        <\/div>\n                        <\/form>\n                        <\/div><script type=\"text\/javascript\">\n\/* <![CDATA[ *\/\n gform.initializeOnLoaded( function() {gformInitSpinner( 4, 'https:\/\/onbcanada.ca\/wp-content\/plugins\/gravityforms\/images\/spinner.svg', true );jQuery('#gform_ajax_frame_4').on('load',function(){var contents = jQuery(this).contents().find('*').html();var is_postback = contents.indexOf('GF_AJAX_POSTBACK') >= 0;if(!is_postback){return;}var form_content = jQuery(this).contents().find('#gform_wrapper_4');var is_confirmation = jQuery(this).contents().find('#gform_confirmation_wrapper_4').length > 0;var is_redirect = contents.indexOf('gformRedirect(){') >= 0;var is_form = form_content.length > 0 && ! is_redirect && ! is_confirmation;var mt = parseInt(jQuery('html').css('margin-top'), 10) + parseInt(jQuery('body').css('margin-top'), 10) + 100;if(is_form){jQuery('#gform_wrapper_4').html(form_content.html());if(form_content.hasClass('gform_validation_error')){jQuery('#gform_wrapper_4').addClass('gform_validation_error');} else {jQuery('#gform_wrapper_4').removeClass('gform_validation_error');}setTimeout( function() { \/* delay the scroll by 50 milliseconds to fix a bug in chrome *\/  }, 50 );if(window['gformInitDatepicker']) {gformInitDatepicker();}if(window['gformInitPriceFields']) {gformInitPriceFields();}var current_page = jQuery('#gform_source_page_number_4').val();gformInitSpinner( 4, 'https:\/\/onbcanada.ca\/wp-content\/plugins\/gravityforms\/images\/spinner.svg', true );jQuery(document).trigger('gform_page_loaded', [4, current_page]);window['gf_submitting_4'] = false;}else if(!is_redirect){var confirmation_content = jQuery(this).contents().find('.GF_AJAX_POSTBACK').html();if(!confirmation_content){confirmation_content = contents;}jQuery('#gform_wrapper_4').replaceWith(confirmation_content);jQuery(document).trigger('gform_confirmation_loaded', [4]);window['gf_submitting_4'] = false;wp.a11y.speak(jQuery('#gform_confirmation_message_4').text());}else{jQuery('#gform_4').append(contents);if(window['gformRedirect']) {gformRedirect();}}jQuery(document).trigger(\"gform_pre_post_render\", [{ formId: \"4\", currentPage: \"current_page\", abort: function() { this.preventDefault(); } }]);        if (event && event.defaultPrevented) {                return;        }        const gformWrapperDiv = document.getElementById( \"gform_wrapper_4\" );        if ( gformWrapperDiv ) {            const visibilitySpan = document.createElement( \"span\" );            visibilitySpan.id = \"gform_visibility_test_4\";            gformWrapperDiv.insertAdjacentElement( \"afterend\", visibilitySpan );        }        const visibilityTestDiv = document.getElementById( \"gform_visibility_test_4\" );        let postRenderFired = false;        function triggerPostRender() {            if ( postRenderFired ) {                return;            }            postRenderFired = true;            gform.core.triggerPostRenderEvents( 4, current_page );            if ( visibilityTestDiv ) {                visibilityTestDiv.parentNode.removeChild( visibilityTestDiv );            }        }        function debounce( func, wait, immediate ) {            var timeout;            return function() {                var context = this, args = arguments;                var later = function() {                    timeout = null;                    if ( !immediate ) func.apply( context, args );                };                var callNow = immediate && !timeout;                clearTimeout( timeout );                timeout = setTimeout( later, wait );                if ( callNow ) func.apply( context, args );            };        }        const debouncedTriggerPostRender = debounce( function() {            triggerPostRender();        }, 200 );        if ( visibilityTestDiv && visibilityTestDiv.offsetParent === null ) {            const observer = new MutationObserver( ( mutations ) => {                mutations.forEach( ( mutation ) => {                    if ( mutation.type === 'attributes' && visibilityTestDiv.offsetParent !== null ) {                        debouncedTriggerPostRender();                        observer.disconnect();                    }                });            });            observer.observe( document.body, {                attributes: true,                childList: false,                subtree: true,                attributeFilter: [ 'style', 'class' ],            });        } else {            triggerPostRender();        }    } );} ); \n\/* ]]> *\/\n<\/script>\n<\/div>  <\/div>\n<\/div>\n<\/section>\n","protected":false},"excerpt":{"rendered":"","protected":false},"author":5,"featured_media":0,"parent":13002,"menu_order":0,"comment_status":"closed","ping_status":"closed","template":"","meta":{"_seopress_robots_primary_cat":"","_seopress_titles_title":"Formulaire de r\u00e9troaction sur le fardeau r\u00e9glementaire - ONB","_seopress_titles_desc":"La bureaucratie nuit aux entreprises du Nouveau-Brunswick? Faites-nous part de vos exp\u00e9riences et contribuez \u00e0 l\u2019am\u00e9lioration de l\u2019environnement r\u00e9glementaire.","_seopress_robots_index":"","footnotes":""},"class_list":["post-14765","page","type-page","status-publish","hentry"],"meta_box":{"choose_posts":[]},"_links":{"self":[{"href":"https:\/\/onbcanada.ca\/fr\/wp-json\/wp\/v2\/pages\/14765","targetHints":{"allow":["GET"]}}],"collection":[{"href":"https:\/\/onbcanada.ca\/fr\/wp-json\/wp\/v2\/pages"}],"about":[{"href":"https:\/\/onbcanada.ca\/fr\/wp-json\/wp\/v2\/types\/page"}],"author":[{"embeddable":true,"href":"https:\/\/onbcanada.ca\/fr\/wp-json\/wp\/v2\/users\/5"}],"replies":[{"embeddable":true,"href":"https:\/\/onbcanada.ca\/fr\/wp-json\/wp\/v2\/comments?post=14765"}],"version-history":[{"count":4,"href":"https:\/\/onbcanada.ca\/fr\/wp-json\/wp\/v2\/pages\/14765\/revisions"}],"predecessor-version":[{"id":18303,"href":"https:\/\/onbcanada.ca\/fr\/wp-json\/wp\/v2\/pages\/14765\/revisions\/18303"}],"up":[{"embeddable":true,"href":"https:\/\/onbcanada.ca\/fr\/wp-json\/wp\/v2\/pages\/13002"}],"wp:attachment":[{"href":"https:\/\/onbcanada.ca\/fr\/wp-json\/wp\/v2\/media?parent=14765"}],"curies":[{"name":"wp","href":"https:\/\/api.w.org\/{rel}","templated":true}]}}