{"id":14999,"date":"2024-10-09T13:07:22","date_gmt":"2024-10-09T17:07:22","guid":{"rendered":"https:\/\/onbcanada.ca\/career-seekers\/"},"modified":"2025-02-11T14:07:31","modified_gmt":"2025-02-11T19:07:31","slug":"autres-emplois","status":"publish","type":"page","link":"https:\/\/onbcanada.ca\/fr\/entreprises\/a-propos\/autres-emplois\/","title":{"rendered":"Autres emplois"},"content":{"rendered":"\n<section class=\"py-flex py-gap py-section  \" style=\"--py-gap-value:var(--py-section-gap)\">\n<div class=\"py-container py-flex py-gap\" style=\"--py-gap-value:var(--py-container-gap) * 2;--py-container-width:1600px;--py-align-items:flex-start\"><div class=\"wp-block-wpseopress-breadcrumbs\"><nav  aria-label=\"Fil d&#039;Ariane\"><ol class=\"breadcrumb\" itemscope itemtype=\"https:\/\/schema.org\/BreadcrumbList\"><li class=\"breadcrumb-item active\" aria-current=\"page\" itemprop=\"itemListElement\" itemscope itemtype=\"https:\/\/schema.org\/ListItem\"><span itemprop=\"name\">Accueil<\/span><meta itemprop=\"position\" content=\"1\"><\/li><\/ol><\/nav><\/div>\n\n\n<div data-pg-name=\"Piney Grid\" class=\"py-gap py-grid  py-grid-tab-l  \" style=\"--py-gap-value:var(--py-grid-gap);--py-grid-template-columns:var(--py-grid-columns);--py-grid-columns-tab-l:minmax(0, 1fr) minmax(0, 2fr);--py-align-items:center;width:100%\">\n<div class=\"py-flex py-gap   \" style=\"--py-gap-value:var(--py-content-gap);--py-align-items:flex-start\">\n<h1 class=\"py-text \" style=\"--py-text-color:var(--py-brand-color-2);--py-max-width:400px\">Un oc\u00e9an de possibilit\u00e9s s\u2019offre \u00e0 vous<\/h1>\n\n\n\n<p class=\"py-text \">Accueillant plusieurs des entreprises Fortune\u00a0500 et une culture florissante d\u2019entreprises en d\u00e9marrage, le Nouveau-Brunswick recherche des talents comme les v\u00f4tres.<\/p>\n\n\n\n<div class=\"wp-block-group is-layout-flex wp-block-group-is-layout-flex\">\n<a href=\"https:\/\/onbcanada.ca\/fr\/entreprises\/a-propos\/autres-emplois\/possibilites-en-vedette\/\" class=\"wp-block-piney-py-button btn\"><span>Possibilit\u00e9s en vedette<\/span><svg xmlns=\"http:\/\/www.w3.org\/2000\/svg\" width=\"22\" height=\"22\" viewBox=\"0 0 22 22\">  <g id=\"Group_153\" data-name=\"Group 153\" transform=\"translate(-1763 -896)\">  <g id=\"Group_152\" data-name=\"Group 152\" transform=\"translate(1664.811 -2731.029) rotate(90)\">  <g id=\"Group_24\" data-name=\"Group 24\" transform=\"translate(3632.466 -114.479)\">  <path id=\"Path_206\" data-name=\"Path 206\" d=\"M3636.879-107.817l5.366-5.366,5.365,5.366\" transform=\"translate(-3636.879 113.183)\" fill=\"none\" stroke=\"#f9423a\" stroke-linecap=\"round\" stroke-linejoin=\"round\" stroke-width=\"1\"><\/path>  <path id=\"Path_207\" data-name=\"Path 207\" d=\"M3647.085-95.5v-10.713\" transform=\"translate(-3641.719 106.211)\" fill=\"none\" stroke=\"#f9423a\" stroke-linecap=\"round\" stroke-width=\"1\"><\/path>  <\/g>  <g id=\"Ellipse_3\" data-name=\"Ellipse 3\" transform=\"translate(3627.029 -120.189)\" fill=\"none\" stroke=\"#f9423a\" stroke-linecap=\"round\" stroke-linejoin=\"round\" stroke-width=\"1\">  <circle cx=\"11\" cy=\"11\" r=\"11\" stroke=\"none\"><\/circle>  <circle cx=\"11\" cy=\"11\" r=\"10.5\" fill=\"none\"><\/circle>  <\/g>  <\/g>  <\/g>  <\/svg><\/a>\n\n\n\n<a href=\"https:\/\/www.emploisnb.ca\/\" class=\"wp-block-piney-py-button btn\" target=\"_blank\" rel=\"noopener\"><span>Visitez Emplois NB<\/span><svg xmlns=\"http:\/\/www.w3.org\/2000\/svg\" width=\"22\" height=\"22\" viewBox=\"0 0 22 22\">  <g id=\"Group_153\" data-name=\"Group 153\" transform=\"translate(-1763 -896)\">  <g id=\"Group_152\" data-name=\"Group 152\" transform=\"translate(1664.811 -2731.029) rotate(90)\">  <g id=\"Group_24\" data-name=\"Group 24\" transform=\"translate(3632.466 -114.479)\">  <path id=\"Path_206\" data-name=\"Path 206\" d=\"M3636.879-107.817l5.366-5.366,5.365,5.366\" transform=\"translate(-3636.879 113.183)\" fill=\"none\" stroke=\"#f9423a\" stroke-linecap=\"round\" stroke-linejoin=\"round\" stroke-width=\"1\"><\/path>  <path id=\"Path_207\" data-name=\"Path 207\" d=\"M3647.085-95.5v-10.713\" transform=\"translate(-3641.719 106.211)\" fill=\"none\" stroke=\"#f9423a\" stroke-linecap=\"round\" stroke-width=\"1\"><\/path>  <\/g>  <g id=\"Ellipse_3\" data-name=\"Ellipse 3\" transform=\"translate(3627.029 -120.189)\" fill=\"none\" stroke=\"#f9423a\" stroke-linecap=\"round\" stroke-linejoin=\"round\" stroke-width=\"1\">  <circle cx=\"11\" cy=\"11\" r=\"11\" stroke=\"none\"><\/circle>  <circle cx=\"11\" cy=\"11\" r=\"10.5\" fill=\"none\"><\/circle>  <\/g>  <\/g>  <\/g>  <\/svg><\/a>\n<\/div>\n<\/div>\n\n\n\n<img loading=\"lazy\" decoding=\"async\" width=\"1920\" height=\"1289\" src=\"https:\/\/onbcanada.ca\/wp-content\/uploads\/header-6.webp\" class=\"py-image wp-image-14067\" style=\"--py-width:100%;--py-height:clamp(20rem, calc(20rem + ((1vw - 0.43rem) * 49.504950495049506)), 70rem);--py-object-fit:cover;border-radius:clamp(2rem, calc(2rem + ((1vw - 0.43rem) * 0.9900990099009901)), 3rem)\" alt=\"header\" srcset=\"https:\/\/onbcanada.ca\/wp-content\/uploads\/header-6.webp 1920w, https:\/\/onbcanada.ca\/wp-content\/uploads\/header-6-300x201.webp 300w, https:\/\/onbcanada.ca\/wp-content\/uploads\/header-6-1024x687.webp 1024w, https:\/\/onbcanada.ca\/wp-content\/uploads\/header-6-768x516.webp 768w, https:\/\/onbcanada.ca\/wp-content\/uploads\/header-6-1536x1031.webp 1536w\" sizes=\"auto, (max-width: 1920px) 100vw, 1920px\" \/>\n<\/div>\n<\/div>\n<\/section>\n\n\n\n<section class=\"py-flex py-gap py-section py-background-color-4 \" style=\"--py-gap-value:var(--py-section-gap);--py-bc-l:96%\">\n<div class=\"py-container py-flex py-gap\" style=\"--py-gap-value:var(--py-container-gap)\">\n<div data-pg-name=\"Piney Grid\" class=\"py-gap py-grid  py-grid-tab-l  py-grid-reverse-tab-l\" style=\"--py-gap-value:var(--py-grid-gap);--py-grid-template-columns:var(--py-grid-columns);--py-grid-columns-tab-l:minmax(0, 1fr) minmax(0, 2fr);--py-align-items:center\">\n<div class=\"py-flex py-gap   \" style=\"--py-gap-value:var(--py-content-gap);--py-align-items:flex-start\">\n<h2 class=\"py-text \" style=\"--py-text-color:var(--py-brand-color-1);--py-max-width:250px\">On n\u2019attend que vous<\/h2>\n\n\n\n<div class=\"py-flex py-gap   \" style=\"--py-gap-value:var(--py-content-gap)\">\n<p>L\u2019environnement favorable aux affaires du Nouveau-Brunswick attire une grande vari\u00e9t\u00e9 d\u2019entreprises, ce qui se traduit par de grandes possibilit\u00e9s pour les chercheurs d\u2019emploi, que vous soyez un nouveau dipl\u00f4m\u00e9 ou un professionnel aguerri.<\/p>\n\n\n\n<p>De plus, la beaut\u00e9 naturelle, la culture vivante, le faible co\u00fbt de la vie et l\u2019ambiance d\u00e9tendue qui font la r\u00e9putation du Nouveau-Brunswick signifient que vous pouvez b\u00e2tir la carri\u00e8re que vous d\u00e9sirez tout en profitant du mode de vie que vous aimez.<\/p>\n<\/div>\n<\/div>\n\n\n\n<div class=\"wp-block-piney-py-three-img three-images\"> <img loading=\"lazy\" decoding=\"async\" width=\"1050\" height=\"1667\" src=\"https:\/\/onbcanada.ca\/wp-content\/uploads\/its-all-here-waiting-for-you.jpg\" class=\"wp-image-19589\" srcset=\"https:\/\/onbcanada.ca\/wp-content\/uploads\/its-all-here-waiting-for-you.jpg 1050w, https:\/\/onbcanada.ca\/wp-content\/uploads\/its-all-here-waiting-for-you-189x300.jpg 189w, https:\/\/onbcanada.ca\/wp-content\/uploads\/its-all-here-waiting-for-you-645x1024.jpg 645w, https:\/\/onbcanada.ca\/wp-content\/uploads\/its-all-here-waiting-for-you-768x1219.jpg 768w, https:\/\/onbcanada.ca\/wp-content\/uploads\/its-all-here-waiting-for-you-967x1536.jpg 967w\" sizes=\"auto, (max-width: 1050px) 100vw, 1050px\" \/> <img loading=\"lazy\" decoding=\"async\" width=\"846\" height=\"1341\" src=\"https:\/\/onbcanada.ca\/wp-content\/uploads\/we-are-onb_placeholder-2.webp\" alt=\"we are onb placeholder 2\" class=\"wp-image-13631\" srcset=\"https:\/\/onbcanada.ca\/wp-content\/uploads\/we-are-onb_placeholder-2.webp 846w, https:\/\/onbcanada.ca\/wp-content\/uploads\/we-are-onb_placeholder-2-189x300.webp 189w, https:\/\/onbcanada.ca\/wp-content\/uploads\/we-are-onb_placeholder-2-646x1024.webp 646w, https:\/\/onbcanada.ca\/wp-content\/uploads\/we-are-onb_placeholder-2-768x1217.webp 768w\" sizes=\"auto, (max-width: 846px) 100vw, 846px\" \/> <img loading=\"lazy\" decoding=\"async\" width=\"846\" height=\"1344\" src=\"https:\/\/onbcanada.ca\/wp-content\/uploads\/we-are-onb_placeholder-3.webp\" alt=\"we are onb placeholder 3\" class=\"wp-image-13633\" srcset=\"https:\/\/onbcanada.ca\/wp-content\/uploads\/we-are-onb_placeholder-3.webp 846w, https:\/\/onbcanada.ca\/wp-content\/uploads\/we-are-onb_placeholder-3-189x300.webp 189w, https:\/\/onbcanada.ca\/wp-content\/uploads\/we-are-onb_placeholder-3-645x1024.webp 645w, https:\/\/onbcanada.ca\/wp-content\/uploads\/we-are-onb_placeholder-3-768x1220.webp 768w\" sizes=\"auto, (max-width: 846px) 100vw, 846px\" \/> <\/div>\n<\/div>\n<\/div>\n<\/section>\n\n\n\n<section class=\"py-flex py-gap py-section  \" style=\"--py-gap-value:var(--py-section-gap)\">\n<div class=\"py-container py-flex py-gap\" style=\"--py-gap-value:var(--py-container-gap) * 2;--py-align-items:center\">\n<div data-pg-name=\"Piney Grid\" class=\"py-gap py-grid py-grid-tab-m py-grid-tab-l  \" style=\"--py-gap-value:var(--py-grid-gap);--py-grid-columns-tab-m:2;--py-grid-columns-tab-l:3;width:100%\">\n<div class=\"py-flex py-gap   \" style=\"--py-gap-value:var(--py-content-gap);--py-align-items:flex-start\">\n<div class=\"wp-block-piney-py-div py-div\" style=\"height:clamp(6rem, calc(6rem + ((1vw - 0.43rem) * 4.9504950495049505)), 11rem)\">\n<img loading=\"lazy\" decoding=\"async\" width=\"273\" height=\"339\" src=\"https:\/\/onbcanada.ca\/wp-content\/uploads\/emerging-sectors.png\" class=\"py-image wp-image-14065\" style=\"--py-height:clamp(6rem, calc(6rem + ((1vw - 0.43rem) * 4.9504950495049505)), 11rem)\" alt=\"emerging sectors\" srcset=\"https:\/\/onbcanada.ca\/wp-content\/uploads\/emerging-sectors.png 273w, https:\/\/onbcanada.ca\/wp-content\/uploads\/emerging-sectors-242x300.png 242w\" sizes=\"auto, (max-width: 273px) 100vw, 273px\" \/>\n<\/div>\n\n\n\n<div class=\"py-flex py-gap   \" style=\"--py-gap-value:var(--py-content-gap)\">\n<h3 class=\"py-text \" style=\"--py-text-color:var(--py-brand-color-2)\">Secteurs \u00e9mergents<\/h3>\n\n\n\n<p class=\"py-text \">Notre climat d\u2019affaires et notre emplacement strat\u00e9gique attirent certains des secteurs commerciaux et technologiques connaissant la plus forte croissance.<\/p>\n<\/div>\n<\/div>\n\n\n\n<div class=\"py-flex py-gap   \" style=\"--py-gap-value:var(--py-content-gap);--py-align-items:flex-start\">\n<div class=\"wp-block-piney-py-div py-div\" style=\"height:clamp(6rem, calc(6rem + ((1vw - 0.43rem) * 4.9504950495049505)), 11rem)\">\n<img loading=\"lazy\" decoding=\"async\" width=\"357\" height=\"291\" src=\"https:\/\/onbcanada.ca\/wp-content\/uploads\/outdoors.png\" class=\"py-image wp-image-14071\" style=\"--py-height:clamp(6rem, calc(6rem + ((1vw - 0.43rem) * 3.9603960396039604)), 10rem)\" alt=\"outdoors\" srcset=\"https:\/\/onbcanada.ca\/wp-content\/uploads\/outdoors.png 357w, https:\/\/onbcanada.ca\/wp-content\/uploads\/outdoors-300x245.png 300w\" sizes=\"auto, (max-width: 357px) 100vw, 357px\" \/>\n<\/div>\n\n\n\n<div class=\"py-flex py-gap   \" style=\"--py-gap-value:var(--py-content-gap)\">\n<h3 class=\"py-text \" style=\"--py-text-color:var(--py-brand-color-2)\">Grands espaces<\/h3>\n\n\n\n<p class=\"py-text \">Colorez votre fin de semaine et profitez d\u2019un grand choix d\u2019activit\u00e9s de plein air \u00e0 l\u2019un des nombreux lacs, plages et montagnes de la province.<\/p>\n<\/div>\n<\/div>\n\n\n\n<div class=\"py-flex py-gap   \" style=\"--py-gap-value:var(--py-content-gap);--py-align-items:flex-start\">\n<div class=\"wp-block-piney-py-div py-div\" style=\"height:clamp(6rem, calc(6rem + ((1vw - 0.43rem) * 4.9504950495049505)), 11rem)\">\n<img loading=\"lazy\" decoding=\"async\" width=\"309\" height=\"270\" src=\"https:\/\/onbcanada.ca\/wp-content\/uploads\/education.png\" class=\"py-image wp-image-14063\" style=\"--py-height:clamp(6rem, calc(6rem + ((1vw - 0.43rem) * 2.9702970297029703)), 9rem)\" alt=\"education\" srcset=\"https:\/\/onbcanada.ca\/wp-content\/uploads\/education.png 309w, https:\/\/onbcanada.ca\/wp-content\/uploads\/education-300x262.png 300w\" sizes=\"auto, (max-width: 309px) 100vw, 309px\" \/>\n<\/div>\n\n\n\n<div class=\"py-flex py-gap   \" style=\"--py-gap-value:var(--py-content-gap)\">\n<h3 class=\"py-text \" style=\"--py-text-color:var(--py-brand-color-2)\">Formation continue<\/h3>\n\n\n\n<p class=\"py-text \">Nos solides partenariats formation-affaires appuient l\u2019innovation et vous permettent d\u2019apprendre tout en travaillant.<\/p>\n<\/div>\n<\/div>\n\n\n\n<div class=\"py-flex py-gap   \" style=\"--py-gap-value:var(--py-content-gap);--py-align-items:flex-start\">\n<div class=\"wp-block-piney-py-div py-div\" style=\"height:clamp(6rem, calc(6rem + ((1vw - 0.43rem) * 4.9504950495049505)), 11rem)\">\n<img loading=\"lazy\" decoding=\"async\" width=\"288\" height=\"339\" src=\"https:\/\/onbcanada.ca\/wp-content\/uploads\/living.png\" class=\"py-image wp-image-14069\" style=\"--py-height:clamp(6rem, calc(6rem + ((1vw - 0.43rem) * 4.9504950495049505)), 11rem)\" alt=\"living\" srcset=\"https:\/\/onbcanada.ca\/wp-content\/uploads\/living.png 288w, https:\/\/onbcanada.ca\/wp-content\/uploads\/living-255x300.png 255w\" sizes=\"auto, (max-width: 288px) 100vw, 288px\" \/>\n<\/div>\n\n\n\n<div class=\"py-flex py-gap   \" style=\"--py-gap-value:var(--py-content-gap)\">\n<h3 class=\"py-text \" style=\"--py-text-color:var(--py-brand-color-2)\">Vie abordable<\/h3>\n\n\n\n<p class=\"py-text \">Avec des maisons co\u00fbtant une fraction de la moyenne nationale, vous en avez plus pour votre argent.<\/p>\n<\/div>\n<\/div>\n\n\n\n<div class=\"py-flex py-gap   \" style=\"--py-gap-value:var(--py-content-gap);--py-align-items:flex-start\">\n<div class=\"wp-block-piney-py-div py-div\" style=\"height:clamp(6rem, calc(6rem + ((1vw - 0.43rem) * 4.9504950495049505)), 11rem)\">\n<img loading=\"lazy\" decoding=\"async\" width=\"270\" height=\"300\" src=\"https:\/\/onbcanada.ca\/wp-content\/uploads\/urban.png\" class=\"py-image wp-image-14073\" style=\"--py-height:clamp(6rem, calc(6rem + ((1vw - 0.43rem) * 3.9603960396039604)), 10rem)\" alt=\"urban\"\/>\n<\/div>\n\n\n\n<div class=\"py-flex py-gap   \" style=\"--py-gap-value:var(--py-content-gap)\">\n<h3 class=\"py-text \" style=\"--py-text-color:var(--py-brand-color-2)\">Ambiance urbaine<\/h3>\n\n\n\n<p class=\"py-text \">Une culture cr\u00e9ative, vivante et diversifi\u00e9e qui s\u2019\u00e9panouit dans les galeries d\u2019art, les march\u00e9s, les restaurants, les festivals de musique, et bien plus.<\/p>\n<\/div>\n<\/div>\n\n\n\n<div class=\"py-flex py-gap   \" style=\"--py-gap-value:var(--py-content-gap);--py-align-items:flex-start\">\n<div class=\"wp-block-piney-py-div py-div\" style=\"height:clamp(6rem, calc(6rem + ((1vw - 0.43rem) * 4.9504950495049505)), 11rem)\">\n<img loading=\"lazy\" decoding=\"async\" width=\"357\" height=\"228\" src=\"https:\/\/onbcanada.ca\/wp-content\/uploads\/career-acc.png\" class=\"py-image wp-image-14061\" style=\"--py-height:clamp(6rem, calc(6rem + ((1vw - 0.43rem) * 1.9801980198019802)), 8rem)\" alt=\"career acc\" srcset=\"https:\/\/onbcanada.ca\/wp-content\/uploads\/career-acc.png 357w, https:\/\/onbcanada.ca\/wp-content\/uploads\/career-acc-300x192.png 300w\" sizes=\"auto, (max-width: 357px) 100vw, 357px\" \/>\n<\/div>\n\n\n\n<div class=\"py-flex py-gap   \" style=\"--py-gap-value:var(--py-content-gap)\">\n<h3 class=\"py-text \" style=\"--py-text-color:var(--py-brand-color-2)\">Acc\u00e9l\u00e9rateur de carri\u00e8re<\/h3>\n\n\n\n<p class=\"py-text \">Allez plus loin, plus vite. Le rythme rapide de la croissance des affaires offre la possibilit\u00e9 d\u2019\u00eatre rapidement promu \u00e0 des r\u00f4les de direction.<\/p>\n<\/div>\n<\/div>\n<\/div>\n<\/div>\n<\/section>\n\n\n\n<section class=\"py-flex py-gap py-section py-background-color-4 \" style=\"--py-gap-value:var(--py-section-gap)\">\n<div class=\"py-container py-flex py-gap\" style=\"--py-gap-value:var(--py-container-gap)\">\n<div data-pg-name=\"Piney Grid\" class=\"py-gap py-grid  py-grid-tab-l  \" style=\"--py-gap-value:var(--py-grid-gap);--py-grid-columns-tab-l:2\">\n<div class=\"py-flex py-gap   \" style=\"--py-gap-value:var(--py-content-gap)\">\n<h2 class=\"py-text \" style=\"--py-text-color:var(--py-brand-color-1);--py-max-width:500px\">Foire aux questions<\/h2>\n<\/div>\n\n\n<div class=\"dropdowns slider-dropdown wp-block-piney-py-accordion\">\n    <div class=\"accordion\"> \n            <div class=\"accordion-items-wrapper\" >\n            \n<div class=\"wp-block-piney-py-accordion-item\">\n    <div x-data=\"{ expanded: false }\" role=\"region\" class=\"accordion__item\" style=\"border:;border-color:var(--py-brand-color-2);\"> \n        <h3 class=\"accordion__heading\"> <button x-on:click=\"expanded = !expanded\" :aria-expanded=\"expanded\" class=\"accordion__btn\"> <span x-show=\"expanded\" aria-hidden=\"true\" class=\"accordion__min\" style=\"border-color:;\">&minus;<\/span><span x-show=\"!expanded\" aria-hidden=\"true\" class=\"accordion__plus\" style=\"border-color:;\">&plus;<\/span><span class=\"accordion__text\">O\u00f9 puis-je trouver plus d\u2019information sur les possibilit\u00e9s de carri\u00e8res au Nouveau-Brunswick?<\/span> \n            <\/button> <\/h3> \n        <div x-show=\"expanded\" x-collapse class=\"accordion__content\"> \n                <p >\n\n<div class=\"py-flex py-gap   \" style=\"--py-gap-value:var(--py-content-gap)\">\n<p>Il existe beaucoup de sites Web qui affichent les possibilit\u00e9s de carri\u00e8res au Nouveau-Brunswick. ONB recommande les ressources en ligne suivantes&nbsp;:<\/p>\n\n\n\n<ul class=\"wp-block-list\">\n<li>Pour voir les offres d\u2019emplois dans votre domaine, visitez <a href=\"https:\/\/www.emploisnb.ca\/\" target=\"_blank\" rel=\"noreferrer noopener\">emploisNB.ca<\/a><\/li>\n\n\n\n<li>Pour trouver les possibilit\u00e9s principales par r\u00e9gion, jetez un \u0153il au r\u00e9capitulatif mensuel d\u2019ONB <a href=\"https:\/\/onbcanada.ca\/fr\/entreprises\/qui-nous-sommes\/chercheurs-demploi\/possibilites-en-vedette\/\" target=\"_blank\" rel=\"noreferrer noopener\">Les emplois en vedette<\/a><\/li>\n<\/ul>\n<\/div>\n\n<\/p> \n        <\/div>         \n    <\/div>\n<\/div>\n\n<div class=\"wp-block-piney-py-accordion-item\">\n    <div x-data=\"{ expanded: false }\" role=\"region\" class=\"accordion__item\" style=\"border:;border-color:var(--py-brand-color-2);\"> \n        <h3 class=\"accordion__heading\"> <button x-on:click=\"expanded = !expanded\" :aria-expanded=\"expanded\" class=\"accordion__btn\"> <span x-show=\"expanded\" aria-hidden=\"true\" class=\"accordion__min\" style=\"border-color:;\">&minus;<\/span><span x-show=\"!expanded\" aria-hidden=\"true\" class=\"accordion__plus\" style=\"border-color:;\">&plus;<\/span><span class=\"accordion__text\">Je suis dipl\u00f4m\u00e9(e) depuis peu et \u00e0 la recherche d\u2019une carri\u00e8re au Nouveau-Brunswick, par o\u00f9 devrais-je commencer?<\/span> \n            <\/button> <\/h3> \n        <div x-show=\"expanded\" x-collapse class=\"accordion__content\"> \n                <p >\n\n<div class=\"py-flex py-gap   \" style=\"--py-gap-value:var(--py-content-gap)\">\n<p>F\u00e9licitations! Le Nouveau-Brunswick dispose de toute une gamme de postes disponibles pour les r\u00e9cents dipl\u00f4m\u00e9s dans de nombreuses industries et r\u00e9gions de la province. Pour commencer, il vous faut&nbsp;:<\/p>\n\n\n\n<ul class=\"wp-block-list\">\n<li><a href=\"http:\/\/www.setyourownpace.org\/Job-Search-Guide-Marketing-Tools.html\" target=\"_blank\" rel=\"noreferrer noopener\">Un excellent curriculum vit\u00e6<\/a><\/li>\n\n\n\n<li>Une <a href=\"https:\/\/www.emploisnb.ca\/\" target=\"_blank\" rel=\"noreferrer noopener\">ressource en ligne<\/a> pour les emplois disponibles dans votre secteur<\/li>\n\n\n\n<li>Un <a href=\"https:\/\/www.linkedin.com\/help\/linkedin\/answer\/a545734\/build-your-professional-network?lang=fr\" target=\"_blank\" rel=\"noreferrer noopener\">r\u00e9seau professionnel<\/a><\/li>\n<\/ul>\n<\/div>\n\n<\/p> \n        <\/div>         \n    <\/div>\n<\/div>\n\n<div class=\"wp-block-piney-py-accordion-item\">\n    <div x-data=\"{ expanded: false }\" role=\"region\" class=\"accordion__item\" style=\"border:;border-color:var(--py-brand-color-2);\"> \n        <h3 class=\"accordion__heading\"> <button x-on:click=\"expanded = !expanded\" :aria-expanded=\"expanded\" class=\"accordion__btn\"> <span x-show=\"expanded\" aria-hidden=\"true\" class=\"accordion__min\" style=\"border-color:;\">&minus;<\/span><span x-show=\"!expanded\" aria-hidden=\"true\" class=\"accordion__plus\" style=\"border-color:;\">&plus;<\/span><span class=\"accordion__text\">On m\u2019a dit qu\u2019ONB pouvait m\u2019aider dans mes recherches. O\u00f9 puis-je envoyer mon curriculum vit\u00e6?<\/span> \n            <\/button> <\/h3> \n        <div x-show=\"expanded\" x-collapse class=\"accordion__content\"> \n                <p >\n\n<div class=\"py-flex py-gap   \" style=\"--py-gap-value:var(--py-content-gap)\">\n<p>Le mandat d\u2019ONB est de contribuer \u00e0 l\u2019\u00e9panouissement de l\u2019\u00e9conomie du Nouveau-Brunswick, et une mani\u00e8re d\u2019y parvenir consiste \u00e0 aider les entreprises \u00e0 cr\u00e9er des emplois. Voici quelques ressources pour aider votre recherche:<\/p>\n\n\n\n<ul class=\"wp-block-list\">\n<li><a href=\"https:\/\/onbcanada.ca\/fr\/entreprises\/qui-nous-sommes\/chercheurs-demploi\/possibilites-en-vedette\/\" target=\"_blank\" rel=\"noreferrer noopener\">Les Opportunit\u00e9s en vedette<\/a> \u2013 une liste mensuelle de tous les postes principaux disponibles par r\u00e9gion<\/li>\n\n\n\n<li>Trucs et astuces pour que <a href=\"http:\/\/www.setyourownpace.org\/Job-Search-Guide-Marketing-Tools.html\" target=\"_blank\" rel=\"noreferrer noopener\">votre curriculum vit\u00e6<\/a> sorte du lot<\/li>\n\n\n\n<li>Pour voir les offres d\u2019emplois dans votre domaine, visitez <a href=\"https:\/\/www.emploisnb.ca\/\" target=\"_blank\" rel=\"noreferrer noopener\">emploisNB.ca<\/a><\/li>\n<\/ul>\n<\/div>\n\n<\/p> \n        <\/div>         \n    <\/div>\n<\/div>\n\n<div class=\"wp-block-piney-py-accordion-item\">\n    <div x-data=\"{ expanded: false }\" role=\"region\" class=\"accordion__item\" style=\"border:none;border-color:var(--py-brand-color-6);\"> \n        <h3 class=\"accordion__heading\"> <button x-on:click=\"expanded = !expanded\" :aria-expanded=\"expanded\" class=\"accordion__btn\"> <span x-show=\"expanded\" aria-hidden=\"true\" class=\"accordion__min\" style=\"border-color:;\">&minus;<\/span><span x-show=\"!expanded\" aria-hidden=\"true\" class=\"accordion__plus\" style=\"border-color:;\">&plus;<\/span><span class=\"accordion__text\">Quelles industries embauchent des professionnels qualifi\u00e9s au Nouveau-Brunswick?<\/span> \n            <\/button> <\/h3> \n        <div x-show=\"expanded\" x-collapse class=\"accordion__content\"> \n                <p >\n\n<div class=\"py-flex py-gap   \" style=\"--py-gap-value:var(--py-content-gap)\">\n<p>Nous sommes heureux d\u2019annoncer que la demande de main-d\u2019\u0153uvre qualifi\u00e9e est importante dans de nombreuses industries de la province. Si vous d\u00e9sirez en savoir davantage sur les secteurs en croissance, nous vous sugg\u00e9rons ce qui suit&nbsp;:<\/p>\n\n\n\n<ul class=\"wp-block-list\">\n<li>Prenez le temps de lire le <a href=\"https:\/\/www.emploisnb.ca\/stats\/demande\" target=\"_blank\" rel=\"noreferrer noopener\">Bulletin sur les emplois en demande<\/a>, un r\u00e9capitulatif mensuel des tendances en mati\u00e8re de postes vacants dans la province<\/li>\n\n\n\n<li>\u00c9tudiez les <a href=\"https:\/\/www.emploisnb.ca\/occupations\/\" target=\"_blank\" rel=\"noreferrer noopener\">Infographies des professions<\/a> pour prendre connaissance des exigences et du salaire moyen de chaque industrie<\/li>\n\n\n\n<li>ONB d\u00e9veloppe de nouveaux secteurs dans la province, lesquels accorderont au Nouveau-Brunswick un statut de chef de file national et international. Ces secteurs sont en pleine croissance dans l\u2019ensemble de la province<\/li>\n<\/ul>\n<\/div>\n\n<\/p> \n        <\/div>         \n    <\/div>\n<\/div>\n        <\/div>         \n    <\/div>\n<\/div><\/div>\n<\/div>\n<\/section>\n","protected":false},"excerpt":{"rendered":"","protected":false},"author":5,"featured_media":0,"parent":19843,"menu_order":0,"comment_status":"closed","ping_status":"closed","template":"","meta":{"_seopress_robots_primary_cat":"","_seopress_titles_title":"Autres emplois - Opportunit\u00e9s NB","_seopress_titles_desc":"D\u00e9couvrez d\u2019excitantes possibilit\u00e9s de carri\u00e8re dans des secteurs en plein essor. Que vous d\u00e9butiez ou non, trouvez votre prochain emploi d\u00e8s aujourd\u2019hui!","_seopress_robots_index":"","footnotes":""},"class_list":["post-14999","page","type-page","status-publish","hentry"],"meta_box":{"choose_posts":[]},"_links":{"self":[{"href":"https:\/\/onbcanada.ca\/fr\/wp-json\/wp\/v2\/pages\/14999","targetHints":{"allow":["GET"]}}],"collection":[{"href":"https:\/\/onbcanada.ca\/fr\/wp-json\/wp\/v2\/pages"}],"about":[{"href":"https:\/\/onbcanada.ca\/fr\/wp-json\/wp\/v2\/types\/page"}],"author":[{"embeddable":true,"href":"https:\/\/onbcanada.ca\/fr\/wp-json\/wp\/v2\/users\/5"}],"replies":[{"embeddable":true,"href":"https:\/\/onbcanada.ca\/fr\/wp-json\/wp\/v2\/comments?post=14999"}],"version-history":[{"count":5,"href":"https:\/\/onbcanada.ca\/fr\/wp-json\/wp\/v2\/pages\/14999\/revisions"}],"predecessor-version":[{"id":20300,"href":"https:\/\/onbcanada.ca\/fr\/wp-json\/wp\/v2\/pages\/14999\/revisions\/20300"}],"up":[{"embeddable":true,"href":"https:\/\/onbcanada.ca\/fr\/wp-json\/wp\/v2\/pages\/19843"}],"wp:attachment":[{"href":"https:\/\/onbcanada.ca\/fr\/wp-json\/wp\/v2\/media?parent=14999"}],"curies":[{"name":"wp","href":"https:\/\/api.w.org\/{rel}","templated":true}]}}